{"id":1556,"date":"2019-01-29T15:14:30","date_gmt":"2019-01-29T14:14:30","guid":{"rendered":"https:\/\/csinordic.com\/datenschutzbestimmungen\/"},"modified":"2025-01-17T11:18:49","modified_gmt":"2025-01-17T10:18:49","slug":"datenschutzbestimmungen","status":"publish","type":"page","link":"https:\/\/csinordic.com\/de\/datenschutzbestimmungen\/","title":{"rendered":"Datenschutzbestimmungen"},"content":{"rendered":"<div class=\"fusion-fullwidth fullwidth-box fusion-builder-row-1 nonhundred-percent-fullwidth non-hundred-percent-height-scrolling\" style=\"--awb-border-radius-top-left:0px;--awb-border-radius-top-right:0px;--awb-border-radius-bottom-right:0px;--awb-border-radius-bottom-left:0px;--awb-flex-wrap:wrap;\" ><div class=\"fusion-builder-row fusion-row\"><div class=\"fusion-layout-column fusion_builder_column fusion-builder-column-0 fusion_builder_column_1_1 1_1 fusion-one-full fusion-column-first fusion-column-last\" style=\"--awb-bg-size:cover;\"><div class=\"fusion-column-wrapper fusion-flex-column-wrapper-legacy\"><div class=\"fusion-title title fusion-title-1 fusion-sep-none fusion-title-text fusion-title-size-one\" style=\"--awb-margin-top:30px;\"><h1 class=\"fusion-title-heading title-heading-left fusion-responsive-typography-calculated\" style=\"margin:0;--fontSize:28;line-height:1.4;\">Datenschutzbestimmungen<\/h1><\/div><div class=\"fusion-text fusion-text-1\"><div class=\"fusion-text fusion-text-1\"><span style=\"display: inline-block; width: 0px; overflow: hidden; line-height: 0;\" data-mce-type=\"bookmark\" class=\"mce_SELRES_start\">\ufeff<\/span><\/p>\n<p><strong>1. Einleitung<\/strong><br \/>\nBeim Besuch von CSI Nordics Website kann CSI Nordic (\u201eCSI Nordic\u201c, \u201eCSI\u201c, \u201ewir\u201c, \u201euns\u201c) personenbezogene Daten (\u201epersonenbezogene Daten\u201c) einsammeln und behandeln.<\/p>\n<p>CSI ist Datenschutzbeauftragter f\u00fcr die Behandlung der personenbezogenen Daten in \u00dcbereinstimmung mit diesen Datenschutzbestimmungen.<\/p>\n<p>Diese Datenschutzbestimmungen (\u201eDatenschutzbestimmungen\u201c) beschreiben welche personenbezogene Daten CSI einsammelt und f\u00fcr welche Zwecke diese Daten verwendet werden.<\/p>\n<p>In diesen Datenschutzbestimmungen umfasst der Begriff \u201eVerarbeitung\u201c alle Aktivit\u00e4ten, die Ihre pers\u00f6nlichen Daten betreffen, einschlie\u00dflich der Erfassung, Verwaltung, Speicherung, Verbreitung, Erzeugung, Verwendung, \u00dcbertragung und L\u00f6schung von Informationen.<\/p>\n<p>\u201eAnwendbare Datenschutzgesetze\u201c sind Datenschutzgesetze und andere Verordnungen, die durch die Umsetzung der Richtlinie 95\/46 \/ EG des Europ\u00e4ischen Parlaments und des Rates und ab dem 25. Mai 2018 der Verordnung (EU) 2016\/679 des Europ\u00e4ischen Parlaments und des Rates vom 27. April 2016 \u00fcber den Schutz von Personen geschaffen wurden Verarbeitung personenbezogener Daten und freier Datenverkehr sowie Aufhebung der Richtlinie 95\/46 \/ EG (Datenschutz-Grundverordnung) (\u201eDSGVO\u201c).<\/p>\n<p>\u201ePersonenbezogene Daten\u201c sind alle Informationen, die einer identifizierbaren oder identifizierten nat\u00fcrlichen Person zugeordnet werden k\u00f6nnen.<\/p>\n<p><strong>2. Cookies<\/strong><br \/>\nCSI verwendet Cookies und andere \u00e4hnliche Techniken, um beim Besuch unserer Website Informationen \u00fcber Sie und Ihr Ger\u00e4t (z. B. Telefon oder Computer) zu sammeln. <a href=\"https:\/\/csinordic.com\/de\/uber-cookies\/\">Hier klicken<\/a> f\u00fcr weitere Informationen \u00fcber CSIs Nutyung von Cookies.<\/p>\n<p><strong>3. Wie sammeln wir personenbezogene Daten \u00fcber dich<\/strong><br \/>\n3.1 Wir sammeln personenbezogene Daten \u00fcber dich (wie Name und e-mail Adresse) wenn du uns \u00fcber unsere Website kontaktierst.<\/p>\n<p>3.2 Wir k\u00f6nnen auch personenbezogene Daten aus anderen Quellen sammeln, wenn wir unsere Aktivit\u00e4ten in sozialen Medien messen und analysieren (z. B. aus ver\u00f6ffentlichten Artikeln und Kan\u00e4len in sozialen Medien).<\/p>\n<p><strong>4. Warum sammeln und behandeln wir Ihre personenbezogenen Daten<\/strong><br \/>\n4.1 Um Ihnen Informationen zu geben in z.B. Newsletter, Katalogen und Pressemitteilungen.<br \/>\nWenn Sie Newsletter, Kataloge, Pressemitteilungen und \u00e4hnliche Informationen \u00fcber CSI und seine Aktivit\u00e4ten abonnieren oder diese Informationen gelegentlich bestellen, behandeln wir Ihre pers\u00f6nlichen Informationen, um Ihnen das gew\u00fcnschte Abonnement oder die gew\u00fcnschten Informationen bereitzustellen. Zu den zu diesen Zwecken verarbeiteten personenbezogenen Daten geh\u00f6ren:<\/p>\n<p>Kategorien personenbezogener Daten<\/p>\n<p>Vorname<br \/>\nNachname<br \/>\nE-Mail-Adresse<br \/>\nTelefon<br \/>\nFirma \/ Organisation<br \/>\nDie Rechtsgrundlage f\u00fcr die Verarbeitung dieser personenbezogenen Daten ist in Artikel 6 Absatz 1 Buchstabe f der DSGVO festgelegt. Die Behandlung ist zul\u00e4ssig, da die Verarbeitung notwendig ist, um unserem berechtigten Interesse nach Abonnements und angeforderten Informationen gerecht zu werden. Wenn Sie uns im Kontaktformular der Website keine mit * gekennzeichneten Informationen zur Verf\u00fcgung stellen, k\u00f6nnen wir die angeforderten Dienste nicht anbieten.<\/p>\n<p>4.2 Ihre Fragen zu beantworten und Feedback bearbeiten<br \/>\nUnsere Website bietet Besuchern die M\u00f6glichkeit, mit uns zu kommunizieren, indem Sie Fragen stellen oder uns Feedback zu unseren Dienstleistungen und unserem Gesch\u00e4ft geben. Wenn Sie eine solche Funktion verwenden, verarbeitet CSI Ihre pers\u00f6nlichen Daten, um Ihre Fragen zu beantworten oder Ihr Feedback zu bearbeiten. Zu den zu diesen Zwecken verarbeiteten personenbezogenen Daten geh\u00f6ren:<\/p>\n<p>Kategorien personenbezogener Daten<\/p>\n<p>Vorname<br \/>\nNachname<br \/>\nE-Mail-Adresse<br \/>\nAdresse<br \/>\nTelefon<br \/>\nFeedback und Kommentare von Ihnen<br \/>\nDie Rechtsgrundlage f\u00fcr die Verarbeitung dieser personenbezogenen Daten ist in Artikel 6 Absatz 1 Buchstabe f der DSGVO festgelegt. Die Behandlung ist zul\u00e4ssig, da die Behandlung notwendig ist, um unserem berechtigten Interesse an der Beantwortung von Fragen und dem Feedback von Ihnen gerecht zu werden. Wenn Sie uns auf dem Kontaktformular der Website keine mit * gekennzeichneten Informationen zur Verf\u00fcgung stellen, k\u00f6nnen wir die angeforderten Dienste nicht anbieten.<\/p>\n<p><strong>5. Wie lange speichern wie personenbezogene Daten<\/strong><br \/>\nCSI beh\u00e4lt Ihre personenbezogenen Daten so lange, wie es zur Erf\u00fcllung der in dieser Datenschutzrichtlinie genannten Zwecke erforderlich ist, es sei denn, eine l\u00e4ngere Aufbewahrungsfrist ist nach lokalem Recht, an das CSI gebunden ist, erforderlich oder zul\u00e4ssig. Wir verwenden die folgenden Kriterien, um den Aufbewahrungszeitraum zu bestimmen: (i) solange wir eine dauerhafte Beziehung zu Ihnen haben (entweder als Einzelperson oder in Ihrer Rolle als Angestellter eines unserer Unternehmenskunden, Lieferanten oder Partner); (ii) so lange, wie es die gesetzlichen Verpflichtungen, an die CSI gebunden ist (z. B. Steuer- und Rechnungslegungspflichten), erfordern; und (iii) solange dies aufgrund unserer Rechtslage angemessen ist (wie etwa geltende gesetzliche Verj\u00e4hrungsbestimmungen).<\/p>\n<p><strong>6. Weitergabe und \u00dcbermittlung von personenbezogenen Daten<\/strong><\/p>\n<p>Andere Empf\u00e4nger<\/p>\n<p>CSI kann personenbezogene Daten an andere Empf\u00e4nger weitergeben, z. B.<br \/>\nGerichte und Bevollm\u00e4chtigte zur Feststellung, Anwendung und Verteidigung von Rechtsanspr\u00fcchen.<br \/>\nDie Rechtsgrundlage f\u00fcr die Verarbeitung dieser personenbezogenen Daten ist die Befriedigung unseres und Ihres berechtigten Interesses an Streitigkeiten durch zust\u00e4ndige Gerichte.<\/p>\n<p>Event-Unternehmen und Partner zur Vorbereitung und Organisation von Events und Konferenzen.<br \/>\nDie Rechtsgrundlage f\u00fcr die Verarbeitung dieser personenbezogenen Daten ist unser berechtigtes Interesse an der Organisation von Veranstaltungen und Konferenzen.<\/p>\n<p>Assistenten f\u00fcr pers\u00f6nliche Daten, die im Auftrag von CSI handeln<br \/>\nDar\u00fcber hinaus kann CSI personenbezogene Daten an externe Parteien wie IT-Anbieter, Kommunikationsagenturen, Verk\u00e4ufer und andere Personen weitergeben, die Dienste bereitstellen, die personenbezogene Daten gem\u00e4\u00df den Anweisungen von CSI verarbeiten. Wenn eine solche Weitergabe die \u00dcbermittlung personenbezogener Daten au\u00dferhalb der EU \/ des EWR beinhaltet, wird CSI sicherstellen, dass Sicherheitsma\u00dfnahmen getroffen werden, bevor eine solche \u00dcbermittlung erfolgt.<br \/>\nAngemessene Sicherheitsma\u00dfnahmen f\u00fcr L\u00e4nder au\u00dferhalb des EU \/ EWR-Gebiets<br \/>\nGem\u00e4\u00df geltendem Datenschutzgesetz haben Sie auf Anfrage das Recht, eine Kopie der Dokumentation zu erhalten, aus der hervorgeht, dass geeignete Sicherheitsma\u00dfnahmen zum Schutz Ihrer personenbezogenen Daten getroffen wurden, wenn diese au\u00dferhalb des EU \/ EWR-Gebiets \u00fcbertragen werden.<br \/>\nWenn Sie mehr \u00fcber die Verarbeitung Ihrer personenbezogenen Daten erfahren m\u00f6chten und wenn Ihre personenbezogenen Daten au\u00dferhalb der EU \/ EWR-Gebiete \u00fcbermittelt werden, kontaktieren Sie uns bitte unter den in Abschnitt 9 angegebenen Kontaktdaten.<\/p>\n<p><strong>7. Sicherheit<\/strong><br \/>\nWir stellen sicher, dass der Zugang zu Ihren Daten durch geeignete Sicherheitsma\u00dfnahmen angemessen gesch\u00fctzt wird und je nach den Umst\u00e4nden die neuesten Entwicklungen, Implementierungskosten und Art, Umfang, Umst\u00e4nde und Zweck der Verarbeitung sowie das Risiko ber\u00fccksichtigt. Um diese Garantie aufrechtzuerhalten, haben wir geeignete technische, physische und organisatorische Ma\u00dfnahmen ergriffen, um Ihre personenbezogenen Daten gegen Folgendes zu sch\u00fctzen: unbefugte oder zuf\u00e4llige Zerst\u00f6rung, Ver\u00e4nderung oder Offenlegung; nicht bestimmungsgem\u00e4\u00dfe Verwendung; Verletzung; Diebstahl oder Verlust durch Unfall; oder unberechtigter Zugriff.<\/p>\n<p><strong>8. Ihre Rechte<\/strong><br \/>\n8.1 Recht auf Berichtigung<br \/>\nCSI ergreift Ma\u00dfnahmen in \u00dcbereinstimmung mit dem geltenden Datenschutzgesetz, um sicherzustellen, dass die verarbeiteten personenbezogenen Daten korrekt, vollst\u00e4ndig und auf dem neuesten Stand sind. Wenn Sie feststellen, dass Ihre pers\u00f6nlichen Daten falsch, unvollst\u00e4ndig oder falsch sind, haben Sie das Recht, Ihre pers\u00f6nlichen Daten korrigieren zu lassen.<\/p>\n<p>Dar\u00fcber hinaus haben Sie das Recht, Zugang zu Ihren personenbezogenen Daten zu beantragen, die wir verarbeiten.<\/p>\n<p>8.2 Weitere Rechte ab\/seit 25. Mai 2018<br \/>\nAb dem 25. Mai 2018 haben Sie das Recht auf\/zu:<\/p>\n<p>(i) Zugang<\/p>\n<p>Sie k\u00f6nnen eine Best\u00e4tigung dar\u00fcber anfordern, ob personenbezogene Daten verarbeitet werden, und wenn sie verarbeitet werden, k\u00f6nnen Sie den Zugriff auf Ihre personenbezogenen Daten und weitere Informationen wie den Zweck der Verarbeitung anfordern. Sie haben auch das Recht, eine Kopie der verarbeiteten personenbezogenen Daten zu erhalten. Wenn die Anfrage elektronisch \u00fcbermittelt wird, werden die Informationen auch in einem elektronischen Format abgerufen, das weit verbreitet ist, wenn Sie keine anderen Anforderungen haben.<\/p>\n<p>(ii)\u00a0Widerspruch zur Datenbearbeitung<\/p>\n<p>Sie k\u00f6nnen der Verarbeitung Ihrer personenbezogenen Daten aufgrund eines berechtigten Interesses aufgrund der besonderen Situation und der Verarbeitung, die f\u00fcr Direktmarketingzwecke vorgenommen wird, widersprechen. Wenn Sie sich per E-Mail f\u00fcr ein Abonnement angemeldet haben, gibt es in jeder E-Mail eine leicht zug\u00e4ngliche, unregistrierte Funktion zum Beenden Ihres Abonnements.<\/p>\n<p>(iii) L\u00f6schung<\/p>\n<p>Sie k\u00f6nnen Ihre pers\u00f6nlichen Daten unter bestimmten Umst\u00e4nden l\u00f6schen lassen, zum Beispiel wenn die Daten nicht mehr ben\u00f6tigt werden, um den Zweck zu erreichen, f\u00fcr den die Daten erhoben wurden.<\/p>\n<p>(iv) Begrenzung der Datenbearbeitung<\/p>\n<p>Sie k\u00f6nnen uns bitten, die Verarbeitung Ihrer pers\u00f6nlichen Daten einzuschr\u00e4nken, um nur die Speicherung Ihrer pers\u00f6nlichen Daten unter bestimmten Umst\u00e4nden einzubeziehen, beispielsweise wenn die Verarbeitung illegal ist, Sie jedoch nicht m\u00f6chten, dass Ihre pers\u00f6nlichen Daten gel\u00f6scht werden.<\/p>\n<p>(v)\u00a0Einwilligung widerrufen<\/p>\n<p>Sie haben jederzeit das Recht, Ihre Zustimmung zur Verarbeitung personenbezogener Daten zu widerrufen, sofern die Verarbeitung auf Ihrer Zustimmung beruht.<\/p>\n<p>(vi) Datenportabilit\u00e4t<\/p>\n<p>Sie haben das Recht eine maschinenlesbare Kopie der personenbezogenen Daten anzufordern<\/p>\n<ul>\n<li>die\u00a0aufgrund Ihrer Einwilligung verarbeiteten werden<\/li>\n<li>wenn die Verarbeitung erforderlich ist, um eine Vereinbarung mit Ihnen zu erf\u00fcllen<\/li>\n<li>wenn CSI pers\u00f6nliche Daten von Ihnen erh\u00e4lt (Datenportabilit\u00e4t)<\/li>\n<li>um Ihre Informationen an einen anderen Datenschutzbeauftragten\u00a0 weiterzugeben der f\u00fcr Ihre pers\u00f6nlichen Daten verantwortlich ist (wenn m\u00f6glich).<\/li>\n<\/ul>\n<p>8.3 Beschwerden bei der Aufsichtsbeh\u00f6rde<br \/>\nSie haben das Recht sich bei der zust\u00e4ndigen Datenschutzbeh\u00f6rde gem\u00e4\u00df den geltenden Datenschutzgesetzen \u00fcber die Verarbeitung Ihrer personenbezogenen Daten zu beschweren. Die Datenschutzbeh\u00f6rde ist erreichbar unter https:\/\/www.datainspektionen.se\/<\/p>\n<p>8.4 Informationen von Dritten<br \/>\nEinige unserer Websites haben Links zu zB. externen Partnern unserer Partner. CSI ist nicht f\u00fcr den Datenschutz durch Dritte verantwortlich. Wenn Sie eine verlinkte Website besuchen, empfehlen wir Ihnen, die Datenschutzbestimmungen der besuchten Website sorgf\u00e4ltig zu lesen.<\/p>\n<p><strong>9. Kontaktdaten<\/strong><br \/>\nWenn Sie Fragen zur Verarbeitung Ihrer personenbezogenen Daten haben oder von Ihren Rechten Gebrauch machen m\u00f6chten, wenden Sie sich bitte an CSI unter den unten angegebenen Kontaktinformationen.<\/p>\n<p>Datenschutybeauftragter ist CSI Nordic AB, Organisationsnummer 556892-6322.<\/p>\n<p>CSI Nordic AB<br \/>\nForskargatan 4<br \/>\n781 70 Borl\u00e4nge<\/p>\n<p>E-post: info@csinordic.com<\/p>\n<\/div>\n<\/div><div class=\"fusion-clearfix\"><\/div><\/div><\/div><\/div><\/div>\n","protected":false},"excerpt":{"rendered":"","protected":false},"author":1,"featured_media":0,"parent":0,"menu_order":0,"comment_status":"closed","ping_status":"closed","template":"","meta":{"_monsterinsights_skip_tracking":false,"_monsterinsights_sitenote_active":false,"_monsterinsights_sitenote_note":"","_monsterinsights_sitenote_category":0,"footnotes":""},"class_list":["post-1556","page","type-page","status-publish","hentry"],"yoast_head":"<!-- This site is optimized with the Yoast SEO plugin v26.9 - https:\/\/yoast.com\/product\/yoast-seo-wordpress\/ -->\n<title>Datenschutzbestimmungen - CSI Nordic<\/title>\n<meta name=\"robots\" content=\"index, follow, max-snippet:-1, max-image-preview:large, max-video-preview:-1\" \/>\n<link rel=\"canonical\" href=\"https:\/\/csinordic.com\/de\/datenschutzbestimmungen\/\" \/>\n<meta property=\"og:locale\" content=\"de_DE\" \/>\n<meta property=\"og:type\" content=\"article\" \/>\n<meta property=\"og:title\" content=\"Datenschutzbestimmungen - CSI Nordic\" \/>\n<meta property=\"og:url\" content=\"https:\/\/csinordic.com\/de\/datenschutzbestimmungen\/\" \/>\n<meta property=\"og:site_name\" content=\"CSI Nordic\" \/>\n<meta property=\"article:publisher\" content=\"https:\/\/facebook.com\/csinordic\" \/>\n<meta property=\"article:modified_time\" content=\"2025-01-17T10:18:49+00:00\" \/>\n<meta name=\"twitter:card\" content=\"summary_large_image\" \/>\n<meta name=\"twitter:label1\" content=\"Gesch\u00e4tzte Lesezeit\" \/>\n\t<meta name=\"twitter:data1\" content=\"8\u00a0Minuten\" \/>\n<script type=\"application\/ld+json\" class=\"yoast-schema-graph\">{\"@context\":\"https:\/\/schema.org\",\"@graph\":[{\"@type\":\"WebPage\",\"@id\":\"https:\/\/csinordic.com\/de\/datenschutzbestimmungen\/\",\"url\":\"https:\/\/csinordic.com\/de\/datenschutzbestimmungen\/\",\"name\":\"Datenschutzbestimmungen - CSI Nordic\",\"isPartOf\":{\"@id\":\"https:\/\/127.0.0.1\/#website\"},\"datePublished\":\"2019-01-29T14:14:30+00:00\",\"dateModified\":\"2025-01-17T10:18:49+00:00\",\"breadcrumb\":{\"@id\":\"https:\/\/csinordic.com\/de\/datenschutzbestimmungen\/#breadcrumb\"},\"inLanguage\":\"de\",\"potentialAction\":[{\"@type\":\"ReadAction\",\"target\":[\"https:\/\/csinordic.com\/de\/datenschutzbestimmungen\/\"]}]},{\"@type\":\"BreadcrumbList\",\"@id\":\"https:\/\/csinordic.com\/de\/datenschutzbestimmungen\/#breadcrumb\",\"itemListElement\":[{\"@type\":\"ListItem\",\"position\":1,\"name\":\"Hem\",\"item\":\"https:\/\/csinordic.com\/de\/\"},{\"@type\":\"ListItem\",\"position\":2,\"name\":\"Datenschutzbestimmungen\"}]},{\"@type\":\"WebSite\",\"@id\":\"https:\/\/127.0.0.1\/#website\",\"url\":\"https:\/\/127.0.0.1\/\",\"name\":\"CSI Nordic - Probleml\u00f6sning inom materialteknik och ytteknik\",\"description\":\"Experten im Bereich Materialwissenschaft und Produktentwicklung\",\"publisher\":{\"@id\":\"https:\/\/127.0.0.1\/#organization\"},\"potentialAction\":[{\"@type\":\"SearchAction\",\"target\":{\"@type\":\"EntryPoint\",\"urlTemplate\":\"https:\/\/127.0.0.1\/?s={search_term_string}\"},\"query-input\":{\"@type\":\"PropertyValueSpecification\",\"valueRequired\":true,\"valueName\":\"search_term_string\"}}],\"inLanguage\":\"de\"},{\"@type\":\"Organization\",\"@id\":\"https:\/\/127.0.0.1\/#organization\",\"name\":\"CSI Nordic AB\",\"alternateName\":\"Carlsson Systematic Investigations Nordic AB\",\"url\":\"https:\/\/127.0.0.1\/\",\"logo\":{\"@type\":\"ImageObject\",\"inLanguage\":\"de\",\"@id\":\"https:\/\/127.0.0.1\/#\/schema\/logo\/image\/\",\"url\":\"https:\/\/csinordic.com\/wp-content\/uploads\/2018\/09\/logo_csinordic_2x.png\",\"contentUrl\":\"https:\/\/csinordic.com\/wp-content\/uploads\/2018\/09\/logo_csinordic_2x.png\",\"width\":600,\"height\":174,\"caption\":\"CSI Nordic AB\"},\"image\":{\"@id\":\"https:\/\/127.0.0.1\/#\/schema\/logo\/image\/\"},\"sameAs\":[\"https:\/\/facebook.com\/csinordic\",\"https:\/\/www.linkedin.com\/company\/csi-nordic-ab\"]}]}<\/script>\n<!-- \/ Yoast SEO plugin. -->","yoast_head_json":{"title":"Datenschutzbestimmungen - CSI Nordic","robots":{"index":"index","follow":"follow","max-snippet":"max-snippet:-1","max-image-preview":"max-image-preview:large","max-video-preview":"max-video-preview:-1"},"canonical":"https:\/\/csinordic.com\/de\/datenschutzbestimmungen\/","og_locale":"de_DE","og_type":"article","og_title":"Datenschutzbestimmungen - CSI Nordic","og_url":"https:\/\/csinordic.com\/de\/datenschutzbestimmungen\/","og_site_name":"CSI Nordic","article_publisher":"https:\/\/facebook.com\/csinordic","article_modified_time":"2025-01-17T10:18:49+00:00","twitter_card":"summary_large_image","twitter_misc":{"Gesch\u00e4tzte Lesezeit":"8\u00a0Minuten"},"schema":{"@context":"https:\/\/schema.org","@graph":[{"@type":"WebPage","@id":"https:\/\/csinordic.com\/de\/datenschutzbestimmungen\/","url":"https:\/\/csinordic.com\/de\/datenschutzbestimmungen\/","name":"Datenschutzbestimmungen - CSI Nordic","isPartOf":{"@id":"https:\/\/127.0.0.1\/#website"},"datePublished":"2019-01-29T14:14:30+00:00","dateModified":"2025-01-17T10:18:49+00:00","breadcrumb":{"@id":"https:\/\/csinordic.com\/de\/datenschutzbestimmungen\/#breadcrumb"},"inLanguage":"de","potentialAction":[{"@type":"ReadAction","target":["https:\/\/csinordic.com\/de\/datenschutzbestimmungen\/"]}]},{"@type":"BreadcrumbList","@id":"https:\/\/csinordic.com\/de\/datenschutzbestimmungen\/#breadcrumb","itemListElement":[{"@type":"ListItem","position":1,"name":"Hem","item":"https:\/\/csinordic.com\/de\/"},{"@type":"ListItem","position":2,"name":"Datenschutzbestimmungen"}]},{"@type":"WebSite","@id":"https:\/\/127.0.0.1\/#website","url":"https:\/\/127.0.0.1\/","name":"CSI Nordic - Probleml\u00f6sning inom materialteknik och ytteknik","description":"Experten im Bereich Materialwissenschaft und Produktentwicklung","publisher":{"@id":"https:\/\/127.0.0.1\/#organization"},"potentialAction":[{"@type":"SearchAction","target":{"@type":"EntryPoint","urlTemplate":"https:\/\/127.0.0.1\/?s={search_term_string}"},"query-input":{"@type":"PropertyValueSpecification","valueRequired":true,"valueName":"search_term_string"}}],"inLanguage":"de"},{"@type":"Organization","@id":"https:\/\/127.0.0.1\/#organization","name":"CSI Nordic AB","alternateName":"Carlsson Systematic Investigations Nordic AB","url":"https:\/\/127.0.0.1\/","logo":{"@type":"ImageObject","inLanguage":"de","@id":"https:\/\/127.0.0.1\/#\/schema\/logo\/image\/","url":"https:\/\/csinordic.com\/wp-content\/uploads\/2018\/09\/logo_csinordic_2x.png","contentUrl":"https:\/\/csinordic.com\/wp-content\/uploads\/2018\/09\/logo_csinordic_2x.png","width":600,"height":174,"caption":"CSI Nordic AB"},"image":{"@id":"https:\/\/127.0.0.1\/#\/schema\/logo\/image\/"},"sameAs":["https:\/\/facebook.com\/csinordic","https:\/\/www.linkedin.com\/company\/csi-nordic-ab"]}]}},"_links":{"self":[{"href":"https:\/\/csinordic.com\/de\/wp-json\/wp\/v2\/pages\/1556","targetHints":{"allow":["GET"]}}],"collection":[{"href":"https:\/\/csinordic.com\/de\/wp-json\/wp\/v2\/pages"}],"about":[{"href":"https:\/\/csinordic.com\/de\/wp-json\/wp\/v2\/types\/page"}],"author":[{"embeddable":true,"href":"https:\/\/csinordic.com\/de\/wp-json\/wp\/v2\/users\/1"}],"replies":[{"embeddable":true,"href":"https:\/\/csinordic.com\/de\/wp-json\/wp\/v2\/comments?post=1556"}],"version-history":[{"count":4,"href":"https:\/\/csinordic.com\/de\/wp-json\/wp\/v2\/pages\/1556\/revisions"}],"predecessor-version":[{"id":14655,"href":"https:\/\/csinordic.com\/de\/wp-json\/wp\/v2\/pages\/1556\/revisions\/14655"}],"wp:attachment":[{"href":"https:\/\/csinordic.com\/de\/wp-json\/wp\/v2\/media?parent=1556"}],"curies":[{"name":"wp","href":"https:\/\/api.w.org\/{rel}","templated":true}]}}