{"id":1596,"date":"2019-01-30T15:14:25","date_gmt":"2019-01-30T14:14:25","guid":{"rendered":"https:\/\/csinordic.com\/qualitatskontrolle\/"},"modified":"2022-02-16T21:34:56","modified_gmt":"2022-02-16T20:34:56","slug":"qualitatskontrolle","status":"publish","type":"page","link":"https:\/\/csinordic.com\/de\/qualitatskontrolle\/","title":{"rendered":"Qualit\u00e4tskontrolle"},"content":{"rendered":"<div class=\"fusion-fullwidth fullwidth-box fusion-builder-row-1 nonhundred-percent-fullwidth non-hundred-percent-height-scrolling\" style=\"--awb-border-radius-top-left:0px;--awb-border-radius-top-right:0px;--awb-border-radius-bottom-right:0px;--awb-border-radius-bottom-left:0px;--awb-margin-top:55px;--awb-flex-wrap:wrap;\" ><div class=\"fusion-builder-row fusion-row\"><div class=\"fusion-layout-column fusion_builder_column fusion-builder-column-0 fusion_builder_column_1_3 1_3 fusion-one-third fusion-column-first fusion-no-small-visibility fusion-no-medium-visibility\" style=\"--awb-bg-size:cover;width:33.333333333333%;width:calc(33.333333333333% - ( ( 4% ) * 0.33333333333333 ) );margin-right: 4%;\"><div class=\"fusion-column-wrapper fusion-flex-column-wrapper-legacy\"><div class=\"fusion-widget-area awb-widget-area-element fusion-widget-area-1 fusion-content-widget-area\" style=\"--awb-title-size:13px;--awb-title-color:#133b77;--awb-padding:0px 0px 0px 0px;\"><style type=\"text\/css\" data-id=\"avada-vertical-menu-widget-2\">#avada-vertical-menu-widget-2 > ul.menu { margin-top: -8px; }<\/style><section id=\"avada-vertical-menu-widget-2\" class=\"widget avada_vertical_menu\"><style>#fusion-vertical-menu-widget-avada-vertical-menu-widget-2-nav ul.menu li a {font-size:14px;}<\/style><nav id=\"fusion-vertical-menu-widget-avada-vertical-menu-widget-2-nav\" class=\"fusion-vertical-menu-widget fusion-menu hover left no-border\" aria-label=\"Secondary Navigation: \"><ul id=\"menu-dienstleistungen\" class=\"menu\"><li id=\"menu-item-1779\" class=\"menu-item menu-item-type-post_type menu-item-object-page menu-item-1779\"><a href=\"https:\/\/csinordic.com\/de\/materialanalyse\/\"><span class=\"link-text\"> Materialanalyse<\/span><span class=\"arrow\"><\/span><\/a><\/li><li id=\"menu-item-1780\" class=\"menu-item menu-item-type-post_type menu-item-object-page menu-item-1780\"><a href=\"https:\/\/csinordic.com\/de\/materialprufung\/\"><span class=\"link-text\"> Materialpr\u00fcfung<\/span><span class=\"arrow\"><\/span><\/a><\/li><li id=\"menu-item-1781\" class=\"menu-item menu-item-type-post_type menu-item-object-page menu-item-1781\"><a href=\"https:\/\/csinordic.com\/de\/qualitatskontrolle\/\"><span class=\"link-text\"> Qualit\u00e4tskontrolle<\/span><span class=\"arrow\"><\/span><\/a><\/li><li id=\"menu-item-1782\" class=\"menu-item menu-item-type-post_type menu-item-object-page menu-item-1782\"><a href=\"https:\/\/csinordic.com\/de\/schadensforschung-fehlerursachenanalyse\/\"><span class=\"link-text\"> Schadensforschung<\/span><span class=\"arrow\"><\/span><\/a><\/li><li id=\"menu-item-1783\" class=\"menu-item menu-item-type-post_type menu-item-object-page menu-item-1783\"><a href=\"https:\/\/csinordic.com\/de\/oberflachenanalyse\/\"><span class=\"link-text\"> Oberfl\u00e4chenanalyse<\/span><span class=\"arrow\"><\/span><\/a><\/li><li id=\"menu-item-1784\" class=\"menu-item menu-item-type-post_type menu-item-object-page menu-item-1784\"><a href=\"https:\/\/csinordic.com\/de\/aus-und-weiterbildung\/\"><span class=\"link-text\"> Aus- und Weiterbildung<\/span><span class=\"arrow\"><\/span><\/a><\/li><li id=\"menu-item-1785\" class=\"menu-item menu-item-type-post_type menu-item-object-page menu-item-1785\"><a href=\"https:\/\/csinordic.com\/de\/projektmanagement\/\"><span class=\"link-text\"> Projektmanagement<\/span><span class=\"arrow\"><\/span><\/a><\/li><li id=\"menu-item-1786\" class=\"menu-item menu-item-type-post_type menu-item-object-page menu-item-1786\"><a href=\"https:\/\/csinordic.com\/de\/akute-problemlosung\/\"><span class=\"link-text\"> Akute Probleml\u00f6sung<\/span><span class=\"arrow\"><\/span><\/a><\/li><li id=\"menu-item-1787\" class=\"menu-item menu-item-type-post_type menu-item-object-page menu-item-1787\"><a href=\"https:\/\/csinordic.com\/de\/drittmeinung-unabhangige-uberprufung-2\/\"><span class=\"link-text\"> Unabh\u00e4ngige \u00dcberpr\u00fcfung<\/span><span class=\"arrow\"><\/span><\/a><\/li><li id=\"menu-item-1788\" class=\"menu-item menu-item-type-post_type menu-item-object-page menu-item-1788\"><a href=\"https:\/\/csinordic.com\/de\/schmiermittelanalyse\/\"><span class=\"link-text\"> Schmiermittelanalyse<\/span><span class=\"arrow\"><\/span><\/a><\/li><\/ul><\/nav><\/section><div class=\"fusion-additional-widget-content\"><\/div><\/div><div class=\"fusion-clearfix\"><\/div><\/div><\/div><div class=\"fusion-layout-column fusion_builder_column fusion-builder-column-1 fusion_builder_column_2_3 2_3 fusion-two-third fusion-column-last\" style=\"--awb-bg-size:cover;width:66.666666666667%;width:calc(66.666666666667% - ( ( 4% ) * 0.66666666666667 ) );\"><div class=\"fusion-column-wrapper fusion-flex-column-wrapper-legacy\"><div class=\"fusion-title title fusion-title-1 fusion-sep-none fusion-title-text fusion-title-size-one\"><h1 class=\"fusion-title-heading title-heading-left fusion-responsive-typography-calculated\" style=\"margin:0;--fontSize:28;line-height:1.4;\">Qualit\u00e4tskontrolle<\/h1><\/div><div class=\"fusion-text fusion-text-1\"><p>Eine g\u00e4ngige Fragestellung in der Industrie ist ob das Material das man eingekauft hat die Spezifikationen erf\u00fcllt. Das falsche Material in einem Produkt das bereits am Markt eingef\u00fchrt wurde kann zu teuren Ma\u00dfnahmen f\u00fchren oder es ist schlichtweg unm\u00f6glich zu reparieren. Um teure Probleme zu vermeiden kann CSI Nordic bereits in der Produktentwicklungsphase unabh\u00e4ngige Tests der Materialqualit\u00e4t unterschiedlicher Lieferanten durchf\u00fchren.<\/p>\n<\/div><div class=\"fusion-image-element fusion-image-align-center in-legacy-container\" style=\"text-align:center;--awb-caption-title-font-family:var(--h2_typography-font-family);--awb-caption-title-font-weight:var(--h2_typography-font-weight);--awb-caption-title-font-style:var(--h2_typography-font-style);--awb-caption-title-size:var(--h2_typography-font-size);--awb-caption-title-transform:var(--h2_typography-text-transform);--awb-caption-title-line-height:var(--h2_typography-line-height);--awb-caption-title-letter-spacing:var(--h2_typography-letter-spacing);\"><div class=\"imageframe-align-center\"><span class=\" fusion-imageframe imageframe-none imageframe-1 hover-type-none\"><img decoding=\"async\" width=\"300\" height=\"183\" title=\"Qualit\u00e4tskontrolle\" src=\"https:\/\/csinordic.com\/wp-content\/uploads\/2018\/03\/Kvalitetskontroll_460px1-300x183.png\" alt class=\"img-responsive wp-image-1458\" srcset=\"https:\/\/csinordic.com\/wp-content\/uploads\/2018\/03\/Kvalitetskontroll_460px1-200x122.png 200w, https:\/\/csinordic.com\/wp-content\/uploads\/2018\/03\/Kvalitetskontroll_460px1-400x244.png 400w, https:\/\/csinordic.com\/wp-content\/uploads\/2018\/03\/Kvalitetskontroll_460px1.png 460w\" sizes=\"(max-width: 800px) 100vw, 300px\" \/><\/span><\/div><\/div><div class=\"fusion-sep-clear\"><\/div><div class=\"fusion-separator fusion-full-width-sep\" style=\"margin-left: auto;margin-right: auto;margin-top:15px;margin-bottom:15px;width:100%;\"><\/div><div class=\"fusion-sep-clear\"><\/div><div class=\"fusion-sep-clear\"><\/div><div class=\"fusion-separator fusion-full-width-sep\" style=\"margin-left: auto;margin-right: auto;margin-top:15px;margin-bottom:15px;width:100%;\"><div class=\"fusion-separator-border sep-shadow\" style=\"--awb-height:20px;--awb-amount:20px;background:radial-gradient(ellipse at 50% -50% , #e0dede 0px, rgba(255, 255, 255, 0) 80%) repeat scroll 0 0 rgba(0, 0, 0, 0);background:-webkit-radial-gradient(ellipse at 50% -50% , #e0dede 0px, rgba(255, 255, 255, 0) 80%) repeat scroll 0 0 rgba(0, 0, 0, 0);background:-moz-radial-gradient(ellipse at 50% -50% , #e0dede 0px, rgba(255, 255, 255, 0) 80%) repeat scroll 0 0 rgba(0, 0, 0, 0);background:-o-radial-gradient(ellipse at 50% -50% , #e0dede 0px, rgba(255, 255, 255, 0) 80%) repeat scroll 0 0 rgba(0, 0, 0, 0);\"><\/div><\/div><div class=\"fusion-sep-clear\"><\/div><div class=\"fusion-text fusion-text-2\"><p>Wir helfen Ihnen mit der Bestimmung der chemischen Zusammensetzung des Materials, den mechanischen Eigenschaften sowie Struktur. Wir vergleichen die Ergebnisse mit Ihren Spezifikationen und sehen ob des Material Ihre Anforderungen erf\u00fcllt. Wir f\u00fchren auch PMI (Positive Materalidentifikation) aus oder helfen beim Vergleich der chemischen Zusammensetzung mit bekannten Standardmaterialien.<\/p>\n<\/div><div class=\"fusion-aligncenter\"><a class=\"fusion-button button-flat fusion-button-default-size button-default fusion-button-default button-1 fusion-button-default-span fusion-button-default-type\" style=\"--button_text_transform:none;\" target=\"_self\" href=\"https:\/\/csinordic.com\/kontakt\/\"><span class=\"fusion-button-text awb-button__text awb-button__text--default\">\n<p>Kontaktieren Sie uns<\/p>\n<\/span><\/a><\/div><div class=\"fusion-sep-clear\"><\/div><div class=\"fusion-separator fusion-full-width-sep\" style=\"margin-left: auto;margin-right: auto;margin-top:15px;margin-bottom:15px;width:100%;\"><\/div><div class=\"fusion-sep-clear\"><\/div><div class=\"fusion-sep-clear\"><\/div><div class=\"fusion-separator fusion-full-width-sep\" style=\"margin-left: auto;margin-right: auto;margin-top:15px;margin-bottom:15px;width:100%;\"><\/div><div class=\"fusion-sep-clear\"><\/div><div class=\"fusion-sep-clear\"><\/div><div class=\"fusion-separator fusion-full-width-sep\" style=\"margin-left: auto;margin-right: auto;margin-top:15px;margin-bottom:15px;width:100%;\"><div class=\"fusion-separator-border sep-shadow\" style=\"--awb-height:20px;--awb-amount:20px;background:radial-gradient(ellipse at 50% -50% , #e0dede 0px, rgba(255, 255, 255, 0) 80%) repeat scroll 0 0 rgba(0, 0, 0, 0);background:-webkit-radial-gradient(ellipse at 50% -50% , #e0dede 0px, rgba(255, 255, 255, 0) 80%) repeat scroll 0 0 rgba(0, 0, 0, 0);background:-moz-radial-gradient(ellipse at 50% -50% , #e0dede 0px, rgba(255, 255, 255, 0) 80%) repeat scroll 0 0 rgba(0, 0, 0, 0);background:-o-radial-gradient(ellipse at 50% -50% , #e0dede 0px, rgba(255, 255, 255, 0) 80%) repeat scroll 0 0 rgba(0, 0, 0, 0);\"><\/div><\/div><div class=\"fusion-sep-clear\"><\/div><div class=\"fusion-sep-clear\"><\/div><div class=\"fusion-separator fusion-full-width-sep\" style=\"margin-left: auto;margin-right: auto;margin-top:15px;margin-bottom:15px;width:100%;\"><\/div><div class=\"fusion-sep-clear\"><\/div><div class=\"fusion-title title fusion-title-2 fusion-sep-none fusion-title-text fusion-title-size-two\"><h2 class=\"fusion-title-heading title-heading-left fusion-responsive-typography-calculated\" style=\"margin:0;--fontSize:18;--minFontSize:18;line-height:1.5;\">Ausr\u00fcstung<\/h2><\/div><div class=\"fusion-tabs fusion-tabs-1 classic nav-is-justified horizontal-tabs icon-position-left mobile-mode-accordion\" style=\"--awb-title-border-radius-top-left:0px;--awb-title-border-radius-top-right:0px;--awb-title-border-radius-bottom-right:0px;--awb-title-border-radius-bottom-left:0px;--awb-inactive-color:#ebeaea;--awb-background-color:#ffffff;--awb-border-color:#ebeaea;--awb-active-border-color:#607d8b;\"><div class=\"nav\"><ul class=\"nav-tabs nav-justified\" role=\"tablist\"><li class=\"active\" role=\"presentation\"><a class=\"tab-link\" data-toggle=\"tab\" role=\"tab\" aria-controls=\"tab-533324b088840a711f4\" aria-selected=\"true\" id=\"fusion-tab-chemischezusammensetzung\" href=\"#tab-533324b088840a711f4\"><h4 class=\"fusion-tab-heading\">Chemische Zusammensetzung<\/h4><\/a><\/li><li role=\"presentation\"><a class=\"tab-link\" data-toggle=\"tab\" role=\"tab\" aria-controls=\"tab-79507dd76c280cc11e7\" aria-selected=\"false\" tabindex=\"-1\" id=\"fusion-tab-strukturundtopographie\" href=\"#tab-79507dd76c280cc11e7\"><h4 class=\"fusion-tab-heading\">Struktur und Topographie<\/h4><\/a><\/li><li role=\"presentation\"><a class=\"tab-link\" data-toggle=\"tab\" role=\"tab\" aria-controls=\"tab-f892e1d603573afce1d\" aria-selected=\"false\" tabindex=\"-1\" id=\"fusion-tab-mechanischeeigenschaften\" href=\"#tab-f892e1d603573afce1d\"><h4 class=\"fusion-tab-heading\">Mechanische Eigenschaften<\/h4><\/a><\/li><\/ul><\/div><div class=\"tab-content\"><div class=\"nav fusion-mobile-tab-nav\"><ul class=\"nav-tabs nav-justified\" role=\"tablist\"><li class=\"active\" role=\"presentation\"><a class=\"tab-link\" data-toggle=\"tab\" role=\"tab\" aria-controls=\"tab-533324b088840a711f4\" aria-selected=\"true\" id=\"mobile-fusion-tab-chemischezusammensetzung\" href=\"#tab-533324b088840a711f4\"><h4 class=\"fusion-tab-heading\">Chemische Zusammensetzung<\/h4><\/a><\/li><\/ul><\/div><div class=\"tab-pane fade fusion-clearfix in active\" role=\"tabpanel\" tabindex=\"0\" aria-labelledby=\"fusion-tab-chemischezusammensetzung\" id=\"tab-533324b088840a711f4\">\n<ul>\n<li><a href=\"https:\/\/csinordic.com\/ftir\/\">FT-IR spektrometer<\/a>, Spectrum One Perkin Elmer<\/li>\n<li><a href=\"https:\/\/csinordic.com\/rontgenspektroskopi-edx\/\">R\u00f6ntgenspektroskopi (EDX)<\/a>, Oxford PentaFETx3<\/li>\n<li><a href=\"https:\/\/csinordic.com\/elektrondiffraktion\/\">Elektrondiffraktion (EBSD)<\/a>, Oxford Instruments HKL, NordlysF<\/li>\n<li>Augerelektronspektroskopi (AES), PHI 700 Field Emission Scanning Auger Nanoprobe<\/li>\n<li><a href=\"https:\/\/csinordic.com\/sekundarjonspektrometri\/\">Sekund\u00e4rjonmasspektrometri (ToF-SIMS)<\/a>, PHI TRIFT II<\/li>\n<\/ul>\n<\/div><div class=\"nav fusion-mobile-tab-nav\"><ul class=\"nav-tabs nav-justified\" role=\"tablist\"><li role=\"presentation\"><a class=\"tab-link\" data-toggle=\"tab\" role=\"tab\" aria-controls=\"tab-79507dd76c280cc11e7\" aria-selected=\"false\" tabindex=\"-1\" id=\"mobile-fusion-tab-strukturundtopographie\" href=\"#tab-79507dd76c280cc11e7\"><h4 class=\"fusion-tab-heading\">Struktur und Topographie<\/h4><\/a><\/li><\/ul><\/div><div class=\"tab-pane fade fusion-clearfix\" role=\"tabpanel\" tabindex=\"0\" aria-labelledby=\"fusion-tab-strukturundtopographie\" id=\"tab-79507dd76c280cc11e7\">\n<ul>\n<li><a href=\"https:\/\/csinordic.com\/optisk-mikroskopi\/\">Optisk mikroskopi (LOM)<\/a>, Leica DRME<\/li>\n<li><a href=\"https:\/\/csinordic.com\/stereomikroskopi\/\">Stereomikroskopi (SLOM)<\/a>, Olympus SZX16<\/li>\n<li><a href=\"https:\/\/csinordic.com\/elektrondiffraktion\/\">Elektrondiffraktion (EBSD)<\/a>, Oxford Instruments HKL, NordlysF<\/li>\n<li><a href=\"https:\/\/csinordic.com\/svepelektronmikroskopi\/\">Svepelektronmikroskopi (SEM)<\/a>, Zeiss ULTRA 55<\/li>\n<li>Bildanalys Qwin<\/li>\n<li><a href=\"https:\/\/csinordic.com\/interferensprofilometri\/\">Interferensprofilometri<\/a>, Wyko NT9100<\/li>\n<\/ul>\n<\/div><div class=\"nav fusion-mobile-tab-nav\"><ul class=\"nav-tabs nav-justified\" role=\"tablist\"><li role=\"presentation\"><a class=\"tab-link\" data-toggle=\"tab\" role=\"tab\" aria-controls=\"tab-f892e1d603573afce1d\" aria-selected=\"false\" tabindex=\"-1\" id=\"mobile-fusion-tab-mechanischeeigenschaften\" href=\"#tab-f892e1d603573afce1d\"><h4 class=\"fusion-tab-heading\">Mechanische Eigenschaften<\/h4><\/a><\/li><\/ul><\/div><div class=\"tab-pane fade fusion-clearfix\" role=\"tabpanel\" tabindex=\"0\" aria-labelledby=\"fusion-tab-mechanischeeigenschaften\" id=\"tab-f892e1d603573afce1d\">\n<ul>\n<li><a href=\"https:\/\/csinordic.com\/universalprovmaskin\/\">Dragprovning<\/a>, Hegewald &amp; Peschke, 100 kN<\/li>\n<li><a href=\"https:\/\/csinordic.com\/universalprovmaskin\/\">Kompressionsprovning<\/a>, Hegewald &amp; Peschke, 100 kN<\/li>\n<li><a href=\"https:\/\/csinordic.com\/universalprovmaskin\/\">B\u00f6jprovning<\/a> (3-pkt och 4-pkt), Hegewald &amp; Peschke, 100 kN<\/li>\n<li>Slagseghetsprovning<\/li>\n<li><a href=\"https:\/\/csinordic.com\/hardhetsmatning\/\">H\u00e5rdhetsm\u00e4tning<\/a> (Vickers, MicroVickers, Brinell, Rockwell)<\/li>\n<li>Nanoindenter, CSM Instrument Micro-Combi Tester<\/li>\n<\/ul>\n<\/div><\/div><\/div><div class=\"fusion-clearfix\"><\/div><\/div><\/div><\/div><\/div>\n","protected":false},"excerpt":{"rendered":"","protected":false},"author":1,"featured_media":0,"parent":0,"menu_order":0,"comment_status":"closed","ping_status":"closed","template":"","meta":{"_monsterinsights_skip_tracking":false,"_monsterinsights_sitenote_active":false,"_monsterinsights_sitenote_note":"","_monsterinsights_sitenote_category":0,"footnotes":""},"class_list":["post-1596","page","type-page","status-publish","hentry"],"yoast_head":"<!-- This site is optimized with the Yoast SEO plugin v26.9 - https:\/\/yoast.com\/product\/yoast-seo-wordpress\/ -->\n<title>Qualit\u00e4tskontrolle - CSI Nordic<\/title>\n<meta name=\"robots\" content=\"index, follow, max-snippet:-1, max-image-preview:large, max-video-preview:-1\" \/>\n<link rel=\"canonical\" href=\"https:\/\/csinordic.com\/de\/qualitatskontrolle\/\" \/>\n<meta property=\"og:locale\" content=\"de_DE\" \/>\n<meta property=\"og:type\" content=\"article\" \/>\n<meta property=\"og:title\" content=\"Qualit\u00e4tskontrolle - CSI Nordic\" \/>\n<meta property=\"og:url\" content=\"https:\/\/csinordic.com\/de\/qualitatskontrolle\/\" \/>\n<meta property=\"og:site_name\" content=\"CSI Nordic\" \/>\n<meta property=\"article:publisher\" content=\"https:\/\/facebook.com\/csinordic\" \/>\n<meta property=\"article:modified_time\" content=\"2022-02-16T20:34:56+00:00\" \/>\n<meta name=\"twitter:card\" content=\"summary_large_image\" \/>\n<meta name=\"twitter:label1\" content=\"Gesch\u00e4tzte Lesezeit\" \/>\n\t<meta name=\"twitter:data1\" content=\"6\u00a0Minuten\" \/>\n<script type=\"application\/ld+json\" class=\"yoast-schema-graph\">{\"@context\":\"https:\/\/schema.org\",\"@graph\":[{\"@type\":\"WebPage\",\"@id\":\"https:\/\/csinordic.com\/de\/qualitatskontrolle\/\",\"url\":\"https:\/\/csinordic.com\/de\/qualitatskontrolle\/\",\"name\":\"Qualit\u00e4tskontrolle - CSI Nordic\",\"isPartOf\":{\"@id\":\"https:\/\/127.0.0.1\/#website\"},\"datePublished\":\"2019-01-30T14:14:25+00:00\",\"dateModified\":\"2022-02-16T20:34:56+00:00\",\"breadcrumb\":{\"@id\":\"https:\/\/csinordic.com\/de\/qualitatskontrolle\/#breadcrumb\"},\"inLanguage\":\"de\",\"potentialAction\":[{\"@type\":\"ReadAction\",\"target\":[\"https:\/\/csinordic.com\/de\/qualitatskontrolle\/\"]}]},{\"@type\":\"BreadcrumbList\",\"@id\":\"https:\/\/csinordic.com\/de\/qualitatskontrolle\/#breadcrumb\",\"itemListElement\":[{\"@type\":\"ListItem\",\"position\":1,\"name\":\"Hem\",\"item\":\"https:\/\/csinordic.com\/de\/\"},{\"@type\":\"ListItem\",\"position\":2,\"name\":\"Qualit\u00e4tskontrolle\"}]},{\"@type\":\"WebSite\",\"@id\":\"https:\/\/127.0.0.1\/#website\",\"url\":\"https:\/\/127.0.0.1\/\",\"name\":\"CSI Nordic - Probleml\u00f6sning inom materialteknik och ytteknik\",\"description\":\"Experten im Bereich Materialwissenschaft und Produktentwicklung\",\"publisher\":{\"@id\":\"https:\/\/127.0.0.1\/#organization\"},\"potentialAction\":[{\"@type\":\"SearchAction\",\"target\":{\"@type\":\"EntryPoint\",\"urlTemplate\":\"https:\/\/127.0.0.1\/?s={search_term_string}\"},\"query-input\":{\"@type\":\"PropertyValueSpecification\",\"valueRequired\":true,\"valueName\":\"search_term_string\"}}],\"inLanguage\":\"de\"},{\"@type\":\"Organization\",\"@id\":\"https:\/\/127.0.0.1\/#organization\",\"name\":\"CSI Nordic AB\",\"alternateName\":\"Carlsson Systematic Investigations Nordic AB\",\"url\":\"https:\/\/127.0.0.1\/\",\"logo\":{\"@type\":\"ImageObject\",\"inLanguage\":\"de\",\"@id\":\"https:\/\/127.0.0.1\/#\/schema\/logo\/image\/\",\"url\":\"https:\/\/csinordic.com\/wp-content\/uploads\/2018\/09\/logo_csinordic_2x.png\",\"contentUrl\":\"https:\/\/csinordic.com\/wp-content\/uploads\/2018\/09\/logo_csinordic_2x.png\",\"width\":600,\"height\":174,\"caption\":\"CSI Nordic AB\"},\"image\":{\"@id\":\"https:\/\/127.0.0.1\/#\/schema\/logo\/image\/\"},\"sameAs\":[\"https:\/\/facebook.com\/csinordic\",\"https:\/\/www.linkedin.com\/company\/csi-nordic-ab\"]}]}<\/script>\n<!-- \/ Yoast SEO plugin. -->","yoast_head_json":{"title":"Qualit\u00e4tskontrolle - CSI Nordic","robots":{"index":"index","follow":"follow","max-snippet":"max-snippet:-1","max-image-preview":"max-image-preview:large","max-video-preview":"max-video-preview:-1"},"canonical":"https:\/\/csinordic.com\/de\/qualitatskontrolle\/","og_locale":"de_DE","og_type":"article","og_title":"Qualit\u00e4tskontrolle - CSI Nordic","og_url":"https:\/\/csinordic.com\/de\/qualitatskontrolle\/","og_site_name":"CSI Nordic","article_publisher":"https:\/\/facebook.com\/csinordic","article_modified_time":"2022-02-16T20:34:56+00:00","twitter_card":"summary_large_image","twitter_misc":{"Gesch\u00e4tzte Lesezeit":"6\u00a0Minuten"},"schema":{"@context":"https:\/\/schema.org","@graph":[{"@type":"WebPage","@id":"https:\/\/csinordic.com\/de\/qualitatskontrolle\/","url":"https:\/\/csinordic.com\/de\/qualitatskontrolle\/","name":"Qualit\u00e4tskontrolle - CSI Nordic","isPartOf":{"@id":"https:\/\/127.0.0.1\/#website"},"datePublished":"2019-01-30T14:14:25+00:00","dateModified":"2022-02-16T20:34:56+00:00","breadcrumb":{"@id":"https:\/\/csinordic.com\/de\/qualitatskontrolle\/#breadcrumb"},"inLanguage":"de","potentialAction":[{"@type":"ReadAction","target":["https:\/\/csinordic.com\/de\/qualitatskontrolle\/"]}]},{"@type":"BreadcrumbList","@id":"https:\/\/csinordic.com\/de\/qualitatskontrolle\/#breadcrumb","itemListElement":[{"@type":"ListItem","position":1,"name":"Hem","item":"https:\/\/csinordic.com\/de\/"},{"@type":"ListItem","position":2,"name":"Qualit\u00e4tskontrolle"}]},{"@type":"WebSite","@id":"https:\/\/127.0.0.1\/#website","url":"https:\/\/127.0.0.1\/","name":"CSI Nordic - Probleml\u00f6sning inom materialteknik och ytteknik","description":"Experten im Bereich Materialwissenschaft und Produktentwicklung","publisher":{"@id":"https:\/\/127.0.0.1\/#organization"},"potentialAction":[{"@type":"SearchAction","target":{"@type":"EntryPoint","urlTemplate":"https:\/\/127.0.0.1\/?s={search_term_string}"},"query-input":{"@type":"PropertyValueSpecification","valueRequired":true,"valueName":"search_term_string"}}],"inLanguage":"de"},{"@type":"Organization","@id":"https:\/\/127.0.0.1\/#organization","name":"CSI Nordic AB","alternateName":"Carlsson Systematic Investigations Nordic AB","url":"https:\/\/127.0.0.1\/","logo":{"@type":"ImageObject","inLanguage":"de","@id":"https:\/\/127.0.0.1\/#\/schema\/logo\/image\/","url":"https:\/\/csinordic.com\/wp-content\/uploads\/2018\/09\/logo_csinordic_2x.png","contentUrl":"https:\/\/csinordic.com\/wp-content\/uploads\/2018\/09\/logo_csinordic_2x.png","width":600,"height":174,"caption":"CSI Nordic AB"},"image":{"@id":"https:\/\/127.0.0.1\/#\/schema\/logo\/image\/"},"sameAs":["https:\/\/facebook.com\/csinordic","https:\/\/www.linkedin.com\/company\/csi-nordic-ab"]}]}},"_links":{"self":[{"href":"https:\/\/csinordic.com\/de\/wp-json\/wp\/v2\/pages\/1596","targetHints":{"allow":["GET"]}}],"collection":[{"href":"https:\/\/csinordic.com\/de\/wp-json\/wp\/v2\/pages"}],"about":[{"href":"https:\/\/csinordic.com\/de\/wp-json\/wp\/v2\/types\/page"}],"author":[{"embeddable":true,"href":"https:\/\/csinordic.com\/de\/wp-json\/wp\/v2\/users\/1"}],"replies":[{"embeddable":true,"href":"https:\/\/csinordic.com\/de\/wp-json\/wp\/v2\/comments?post=1596"}],"version-history":[{"count":16,"href":"https:\/\/csinordic.com\/de\/wp-json\/wp\/v2\/pages\/1596\/revisions"}],"predecessor-version":[{"id":5866,"href":"https:\/\/csinordic.com\/de\/wp-json\/wp\/v2\/pages\/1596\/revisions\/5866"}],"wp:attachment":[{"href":"https:\/\/csinordic.com\/de\/wp-json\/wp\/v2\/media?parent=1596"}],"curies":[{"name":"wp","href":"https:\/\/api.w.org\/{rel}","templated":true}]}}