{"id":1623,"date":"2019-02-05T15:17:46","date_gmt":"2019-02-05T14:17:46","guid":{"rendered":"https:\/\/csinordic.com\/uber-cookies\/"},"modified":"2019-02-05T15:17:51","modified_gmt":"2019-02-05T14:17:51","slug":"uber-cookies","status":"publish","type":"page","link":"https:\/\/csinordic.com\/de\/uber-cookies\/","title":{"rendered":"\u00dcber cookies"},"content":{"rendered":"<div class=\"fusion-fullwidth fullwidth-box fusion-builder-row-1 nonhundred-percent-fullwidth non-hundred-percent-height-scrolling\" style=\"--awb-border-radius-top-left:0px;--awb-border-radius-top-right:0px;--awb-border-radius-bottom-right:0px;--awb-border-radius-bottom-left:0px;--awb-flex-wrap:wrap;\" ><div class=\"fusion-builder-row fusion-row\"><div class=\"fusion-layout-column fusion_builder_column fusion-builder-column-0 fusion_builder_column_1_1 1_1 fusion-one-full fusion-column-first fusion-column-last\" style=\"--awb-bg-size:cover;\"><div class=\"fusion-column-wrapper fusion-flex-column-wrapper-legacy\"><div class=\"fusion-title title fusion-title-1 fusion-sep-none fusion-title-text fusion-title-size-one\" style=\"--awb-margin-top:30px;\"><h1 class=\"fusion-title-heading title-heading-left fusion-responsive-typography-calculated\" style=\"margin:0;--fontSize:28;line-height:1.4;\">Cookies<\/h1><\/div><div class=\"fusion-text fusion-text-1\"><p>Auf csinordic.com erwenden wir Cookies. Cookies sind kleine Textdateien die auf ihrem Ger\u00e4t gespeichert werden, z.B. auf dem Computer oder Mobiltelefon. Die Textfiles die generiert werden enthalten keinen Programmcode und sind nicht sch\u00e4dlich.<br \/>\nDie Cookies enthalten keine Information die direkt einer eindeutigen Person zugeordnet werden k\u00f6nnen. Auf dieser Website verwenden wir Cookies um das Nutzererlebnis zu verbessern und um den Besuch f\u00fcr Sie als Nutzer einfacher zu gestalten.<\/p>\n<\/div><div class=\"fusion-title title fusion-title-2 fusion-sep-none fusion-title-text fusion-title-size-two\"><h2 class=\"fusion-title-heading title-heading-left fusion-responsive-typography-calculated\" style=\"margin:0;--fontSize:18;--minFontSize:18;line-height:1.5;\">Diese Cookies verwenden wir auf unserer Website<\/h2><\/div><div class=\"accordian fusion-accordian\" style=\"--awb-border-size:1px;--awb-icon-size:13px;--awb-content-font-size:16px;--awb-icon-alignment:left;--awb-hover-color:#f9f9f9;--awb-border-color:#cccccc;--awb-background-color:#ffffff;--awb-divider-color:#e0dede;--awb-divider-hover-color:#e0dede;--awb-icon-color:#ffffff;--awb-title-color:#333333;--awb-content-color:#747474;--awb-icon-box-color:#333333;--awb-toggle-hover-accent-color:#607d8b;--awb-title-font-family:&quot;PT Sans&quot;;--awb-title-font-weight:400;--awb-title-font-style:normal;--awb-title-font-size:13px;--awb-title-line-height:1.5;--awb-content-font-family:&quot;PT Sans&quot;;--awb-content-font-style:normal;--awb-content-font-weight:400;\"><div class=\"panel-group fusion-toggle-icon-boxed\" id=\"accordion-1623-1\"><div class=\"fusion-panel panel-default panel-d4c25fdce9f2838ee fusion-toggle-no-divider fusion-toggle-boxed-mode\"><div class=\"panel-heading\"><h4 class=\"panel-title toggle\" id=\"toggle_d4c25fdce9f2838ee\"><a aria-expanded=\"false\" aria-controls=\"d4c25fdce9f2838ee\" role=\"button\" data-toggle=\"collapse\" data-parent=\"#accordion-1623-1\" data-target=\"#d4c25fdce9f2838ee\" href=\"#d4c25fdce9f2838ee\"><span class=\"fusion-toggle-icon-wrapper\" aria-hidden=\"true\"><i class=\"fa-fusion-box active-icon awb-icon-minus\" aria-hidden=\"true\"><\/i><i class=\"fa-fusion-box inactive-icon awb-icon-plus\" aria-hidden=\"true\"><\/i><\/span><span class=\"fusion-toggle-heading\">Verwendung von Cookies zustimmen<\/span><\/a><\/h4><\/div><div id=\"d4c25fdce9f2838ee\" class=\"panel-collapse collapse \" aria-labelledby=\"toggle_d4c25fdce9f2838ee\"><div class=\"panel-body toggle-content fusion-clearfix\">\n<p>Name: privacy_embeds<br \/>\nZweck: Ein Cookie wird gesetzt wenn Sie der Verwendung von Cookies, durch das Klicken auf &#8222;Cookies akzeptieren&#8220;, zustimmen.<br \/>\nNutzen: Die Frage ob Sie Cookies akzeptieren wir beim n\u00e4chsten Besuch der Seite (innerhalb eines Monats) nicht mehr gestellt.<br \/>\nDaten die gespeichert werden: Keine pers\u00f6nliche Information, nur Daten \u00fcber Ger\u00e4t und Browser.<br \/>\nDauer der Speicherung: Das Cookie wird f\u00fcr eine Dauer von einem Monat gespeichert.<\/p>\n<\/div><\/div><\/div><div class=\"fusion-panel panel-default panel-d155a1265fb360ba4 fusion-toggle-no-divider fusion-toggle-boxed-mode\"><div class=\"panel-heading\"><h4 class=\"panel-title toggle\" id=\"toggle_d155a1265fb360ba4\"><a aria-expanded=\"false\" aria-controls=\"d155a1265fb360ba4\" role=\"button\" data-toggle=\"collapse\" data-parent=\"#accordion-1623-1\" data-target=\"#d155a1265fb360ba4\" href=\"#d155a1265fb360ba4\"><span class=\"fusion-toggle-icon-wrapper\" aria-hidden=\"true\"><i class=\"fa-fusion-box active-icon awb-icon-minus\" aria-hidden=\"true\"><\/i><i class=\"fa-fusion-box inactive-icon awb-icon-plus\" aria-hidden=\"true\"><\/i><\/span><span class=\"fusion-toggle-heading\">Information zum Besuch der Seite<\/span><\/a><\/h4><\/div><div id=\"d155a1265fb360ba4\" class=\"panel-collapse collapse \" aria-labelledby=\"toggle_d155a1265fb360ba4\"><div class=\"panel-body toggle-content fusion-clearfix\">\n<p>Name: fusionredux_current_tab<br \/>\nZweck: Das Cookie speichert Entscheidung bzw. verwendete Dienste w\u00e4hrend des Besuchs auf der Website.<br \/>\nNutzen: Das Speichern des Cookies erleichtert die Nutzung der Website und der angebotenen Services.<br \/>\nDaten die gespeichert werden: Informationen zu Entscheidungen w\u00e4hrend des Besuchs. Das Cookie enth\u00e4lt keine pers\u00f6nlichen Informationen.<br \/>\nDauer der Speicherung: Das Cookie wird beim Schlie\u00dfen des Browsers gel\u00f6scht.<\/p>\n<\/div><\/div><\/div><div class=\"fusion-panel panel-default panel-b9351f9478c687307 fusion-toggle-no-divider fusion-toggle-boxed-mode\"><div class=\"panel-heading\"><h4 class=\"panel-title toggle\" id=\"toggle_b9351f9478c687307\"><a aria-expanded=\"false\" aria-controls=\"b9351f9478c687307\" role=\"button\" data-toggle=\"collapse\" data-parent=\"#accordion-1623-1\" data-target=\"#b9351f9478c687307\" href=\"#b9351f9478c687307\"><span class=\"fusion-toggle-icon-wrapper\" aria-hidden=\"true\"><i class=\"fa-fusion-box active-icon awb-icon-minus\" aria-hidden=\"true\"><\/i><i class=\"fa-fusion-box inactive-icon awb-icon-plus\" aria-hidden=\"true\"><\/i><\/span><span class=\"fusion-toggle-heading\">Statistik zur Verwendung der Website<\/span><\/a><\/h4><\/div><div id=\"b9351f9478c687307\" class=\"panel-collapse collapse \" aria-labelledby=\"toggle_b9351f9478c687307\"><div class=\"panel-body toggle-content fusion-clearfix\">\n<p>Name: _ga, _gat, _gid, gac_, __utma, __utmt, __utmb, __utmc, __utmz<br \/>\nZweck: Die Cookies dienen der statistischen Erfassung der Anzahl von Besuchen \u00fcber einen gewissen Zeitraum, die Dauer eines Besuchs, welche Seiten besucht werden, von welcher Seite Sie zu unserer Website kommen oder ob Sie unsere Seite \u00fcber eine Anzeige besuchen.<br \/>\nNutzen: Die Cookies erm\u00f6glichen es uns unsere Website f\u00fcr Sie als Besucher zu verbessern.<br \/>\nDaten die gespeichert werden: Keine pers\u00f6nliche Information, nur Daten \u00fcber Ger\u00e4t und Browser.<br \/>\nDauer der Speicherung: __utma: wird nach zwei Jahren nach dem letzten Besuch gel\u00f6scht, __utmt: wird nach 10 min gel\u00f6scht, _utmb, _gat: wird 30 min nach Ihrem Besuch bzw. nach 30 min Inaktivit\u00e4t gel\u00f6scht, _utmc: wird nach dem Schlie\u00dfen des Browsers gel\u00f6scht, _ga wird f\u00fcr 2 Jahre gepeichert och _utmz: wird 6 Monate nach Erstellung gel\u00f6scht.<\/p>\n<\/div><\/div><\/div><\/div><\/div><div class=\"fusion-clearfix\"><\/div><\/div><\/div><\/div><\/div>\n","protected":false},"excerpt":{"rendered":"","protected":false},"author":1,"featured_media":0,"parent":0,"menu_order":0,"comment_status":"closed","ping_status":"closed","template":"","meta":{"_monsterinsights_skip_tracking":false,"_monsterinsights_sitenote_active":false,"_monsterinsights_sitenote_note":"","_monsterinsights_sitenote_category":0,"footnotes":""},"class_list":["post-1623","page","type-page","status-publish","hentry"],"yoast_head":"<!-- This site is optimized with the Yoast SEO plugin v26.9 - https:\/\/yoast.com\/product\/yoast-seo-wordpress\/ -->\n<title>\u00dcber cookies - CSI Nordic<\/title>\n<meta name=\"robots\" content=\"index, follow, max-snippet:-1, max-image-preview:large, max-video-preview:-1\" \/>\n<link rel=\"canonical\" href=\"https:\/\/csinordic.com\/de\/uber-cookies\/\" \/>\n<meta property=\"og:locale\" content=\"de_DE\" \/>\n<meta property=\"og:type\" content=\"article\" \/>\n<meta property=\"og:title\" content=\"\u00dcber cookies - CSI Nordic\" \/>\n<meta property=\"og:url\" content=\"https:\/\/csinordic.com\/de\/uber-cookies\/\" \/>\n<meta property=\"og:site_name\" content=\"CSI Nordic\" \/>\n<meta property=\"article:publisher\" content=\"https:\/\/facebook.com\/csinordic\" \/>\n<meta property=\"article:modified_time\" content=\"2019-02-05T14:17:51+00:00\" \/>\n<meta name=\"twitter:card\" content=\"summary_large_image\" \/>\n<meta name=\"twitter:label1\" content=\"Gesch\u00e4tzte Lesezeit\" \/>\n\t<meta name=\"twitter:data1\" content=\"3\u00a0Minuten\" \/>\n<script type=\"application\/ld+json\" class=\"yoast-schema-graph\">{\"@context\":\"https:\/\/schema.org\",\"@graph\":[{\"@type\":\"WebPage\",\"@id\":\"https:\/\/csinordic.com\/de\/uber-cookies\/\",\"url\":\"https:\/\/csinordic.com\/de\/uber-cookies\/\",\"name\":\"\u00dcber cookies - CSI Nordic\",\"isPartOf\":{\"@id\":\"https:\/\/127.0.0.1\/#website\"},\"datePublished\":\"2019-02-05T14:17:46+00:00\",\"dateModified\":\"2019-02-05T14:17:51+00:00\",\"breadcrumb\":{\"@id\":\"https:\/\/csinordic.com\/de\/uber-cookies\/#breadcrumb\"},\"inLanguage\":\"de\",\"potentialAction\":[{\"@type\":\"ReadAction\",\"target\":[\"https:\/\/csinordic.com\/de\/uber-cookies\/\"]}]},{\"@type\":\"BreadcrumbList\",\"@id\":\"https:\/\/csinordic.com\/de\/uber-cookies\/#breadcrumb\",\"itemListElement\":[{\"@type\":\"ListItem\",\"position\":1,\"name\":\"Hem\",\"item\":\"https:\/\/csinordic.com\/de\/\"},{\"@type\":\"ListItem\",\"position\":2,\"name\":\"\u00dcber cookies\"}]},{\"@type\":\"WebSite\",\"@id\":\"https:\/\/127.0.0.1\/#website\",\"url\":\"https:\/\/127.0.0.1\/\",\"name\":\"CSI Nordic - Probleml\u00f6sning inom materialteknik och ytteknik\",\"description\":\"Experten im Bereich Materialwissenschaft und Produktentwicklung\",\"publisher\":{\"@id\":\"https:\/\/127.0.0.1\/#organization\"},\"potentialAction\":[{\"@type\":\"SearchAction\",\"target\":{\"@type\":\"EntryPoint\",\"urlTemplate\":\"https:\/\/127.0.0.1\/?s={search_term_string}\"},\"query-input\":{\"@type\":\"PropertyValueSpecification\",\"valueRequired\":true,\"valueName\":\"search_term_string\"}}],\"inLanguage\":\"de\"},{\"@type\":\"Organization\",\"@id\":\"https:\/\/127.0.0.1\/#organization\",\"name\":\"CSI Nordic AB\",\"alternateName\":\"Carlsson Systematic Investigations Nordic AB\",\"url\":\"https:\/\/127.0.0.1\/\",\"logo\":{\"@type\":\"ImageObject\",\"inLanguage\":\"de\",\"@id\":\"https:\/\/127.0.0.1\/#\/schema\/logo\/image\/\",\"url\":\"https:\/\/csinordic.com\/wp-content\/uploads\/2018\/09\/logo_csinordic_2x.png\",\"contentUrl\":\"https:\/\/csinordic.com\/wp-content\/uploads\/2018\/09\/logo_csinordic_2x.png\",\"width\":600,\"height\":174,\"caption\":\"CSI Nordic AB\"},\"image\":{\"@id\":\"https:\/\/127.0.0.1\/#\/schema\/logo\/image\/\"},\"sameAs\":[\"https:\/\/facebook.com\/csinordic\",\"https:\/\/www.linkedin.com\/company\/csi-nordic-ab\"]}]}<\/script>\n<!-- \/ Yoast SEO plugin. -->","yoast_head_json":{"title":"\u00dcber cookies - CSI Nordic","robots":{"index":"index","follow":"follow","max-snippet":"max-snippet:-1","max-image-preview":"max-image-preview:large","max-video-preview":"max-video-preview:-1"},"canonical":"https:\/\/csinordic.com\/de\/uber-cookies\/","og_locale":"de_DE","og_type":"article","og_title":"\u00dcber cookies - CSI Nordic","og_url":"https:\/\/csinordic.com\/de\/uber-cookies\/","og_site_name":"CSI Nordic","article_publisher":"https:\/\/facebook.com\/csinordic","article_modified_time":"2019-02-05T14:17:51+00:00","twitter_card":"summary_large_image","twitter_misc":{"Gesch\u00e4tzte Lesezeit":"3\u00a0Minuten"},"schema":{"@context":"https:\/\/schema.org","@graph":[{"@type":"WebPage","@id":"https:\/\/csinordic.com\/de\/uber-cookies\/","url":"https:\/\/csinordic.com\/de\/uber-cookies\/","name":"\u00dcber cookies - CSI Nordic","isPartOf":{"@id":"https:\/\/127.0.0.1\/#website"},"datePublished":"2019-02-05T14:17:46+00:00","dateModified":"2019-02-05T14:17:51+00:00","breadcrumb":{"@id":"https:\/\/csinordic.com\/de\/uber-cookies\/#breadcrumb"},"inLanguage":"de","potentialAction":[{"@type":"ReadAction","target":["https:\/\/csinordic.com\/de\/uber-cookies\/"]}]},{"@type":"BreadcrumbList","@id":"https:\/\/csinordic.com\/de\/uber-cookies\/#breadcrumb","itemListElement":[{"@type":"ListItem","position":1,"name":"Hem","item":"https:\/\/csinordic.com\/de\/"},{"@type":"ListItem","position":2,"name":"\u00dcber cookies"}]},{"@type":"WebSite","@id":"https:\/\/127.0.0.1\/#website","url":"https:\/\/127.0.0.1\/","name":"CSI Nordic - Probleml\u00f6sning inom materialteknik och ytteknik","description":"Experten im Bereich Materialwissenschaft und Produktentwicklung","publisher":{"@id":"https:\/\/127.0.0.1\/#organization"},"potentialAction":[{"@type":"SearchAction","target":{"@type":"EntryPoint","urlTemplate":"https:\/\/127.0.0.1\/?s={search_term_string}"},"query-input":{"@type":"PropertyValueSpecification","valueRequired":true,"valueName":"search_term_string"}}],"inLanguage":"de"},{"@type":"Organization","@id":"https:\/\/127.0.0.1\/#organization","name":"CSI Nordic AB","alternateName":"Carlsson Systematic Investigations Nordic AB","url":"https:\/\/127.0.0.1\/","logo":{"@type":"ImageObject","inLanguage":"de","@id":"https:\/\/127.0.0.1\/#\/schema\/logo\/image\/","url":"https:\/\/csinordic.com\/wp-content\/uploads\/2018\/09\/logo_csinordic_2x.png","contentUrl":"https:\/\/csinordic.com\/wp-content\/uploads\/2018\/09\/logo_csinordic_2x.png","width":600,"height":174,"caption":"CSI Nordic AB"},"image":{"@id":"https:\/\/127.0.0.1\/#\/schema\/logo\/image\/"},"sameAs":["https:\/\/facebook.com\/csinordic","https:\/\/www.linkedin.com\/company\/csi-nordic-ab"]}]}},"_links":{"self":[{"href":"https:\/\/csinordic.com\/de\/wp-json\/wp\/v2\/pages\/1623","targetHints":{"allow":["GET"]}}],"collection":[{"href":"https:\/\/csinordic.com\/de\/wp-json\/wp\/v2\/pages"}],"about":[{"href":"https:\/\/csinordic.com\/de\/wp-json\/wp\/v2\/types\/page"}],"author":[{"embeddable":true,"href":"https:\/\/csinordic.com\/de\/wp-json\/wp\/v2\/users\/1"}],"replies":[{"embeddable":true,"href":"https:\/\/csinordic.com\/de\/wp-json\/wp\/v2\/comments?post=1623"}],"version-history":[{"count":1,"href":"https:\/\/csinordic.com\/de\/wp-json\/wp\/v2\/pages\/1623\/revisions"}],"predecessor-version":[{"id":1624,"href":"https:\/\/csinordic.com\/de\/wp-json\/wp\/v2\/pages\/1623\/revisions\/1624"}],"wp:attachment":[{"href":"https:\/\/csinordic.com\/de\/wp-json\/wp\/v2\/media?parent=1623"}],"curies":[{"name":"wp","href":"https:\/\/api.w.org\/{rel}","templated":true}]}}