{"id":1718,"date":"2019-03-18T16:02:33","date_gmt":"2019-03-18T15:02:33","guid":{"rendered":"https:\/\/csinordic.com\/universalprufmaschine\/"},"modified":"2023-08-24T10:44:45","modified_gmt":"2023-08-24T09:44:45","slug":"universalprufmaschine","status":"publish","type":"page","link":"https:\/\/csinordic.com\/de\/universalprufmaschine\/","title":{"rendered":"Universalpr\u00fcfmaschine"},"content":{"rendered":"<p><div class=\"fusion-fullwidth fullwidth-box fusion-builder-row-1 nonhundred-percent-fullwidth non-hundred-percent-height-scrolling\" style=\"--awb-border-radius-top-left:0px;--awb-border-radius-top-right:0px;--awb-border-radius-bottom-right:0px;--awb-border-radius-bottom-left:0px;--awb-margin-top:55px;--awb-flex-wrap:wrap;\" ><div class=\"fusion-builder-row fusion-row\"><div class=\"fusion-layout-column fusion_builder_column fusion-builder-column-0 fusion_builder_column_1_1 1_1 fusion-one-full fusion-column-first fusion-column-last\" style=\"--awb-bg-size:cover;\"><div class=\"fusion-column-wrapper fusion-flex-column-wrapper-legacy\"><div class=\"fusion-title title fusion-title-1 fusion-sep-none fusion-title-text fusion-title-size-one\"><h1 class=\"fusion-title-heading title-heading-left fusion-responsive-typography-calculated\" style=\"margin:0;--fontSize:28;line-height:1.4;\">Universalpr\u00fcfmaschine<\/h1><\/div><div class=\"fusion-text fusion-text-1\"><p>Die Universalpr\u00fcfmaschine wird verwendet um zum Beispiel Materialeigenschaften wie Streck- und Bruchgrenze, Elastizit\u00e4tsmodul, Duktilit\u00e4t sowie Materialst\u00e4rke bei Biegung und Druck zu bestimmen. Diese werden durch Tests wie Zugversuche, Biegeversuche und Kompressionsversuche bestimmt.<\/p>\n<ul>\n<li>Wir haben die M\u00f6glichkeit alle diese Tests mit Pr\u00fcfung unter erh\u00f6hter Temperatur (bis zu. 150 \u00b0C) zu kombinieren um die Auswirkung der Temperatur auf das Material zu studieren.<\/li>\n<\/ul>\n<p>Durch Design und Herstellung von spezialangepassten Halterungen und Befestigungen anhand der Probengeometrie and Zusammensetzung k\u00f6nnen wir auch Material wie Papier, Plastik sowie andere Materialien, die sensibel auf Befestigung mit scharfen Enden reagieren, durchf\u00fchren.<\/p>\n<\/div><div class=\"fusion-sep-clear\"><\/div><div class=\"fusion-separator fusion-full-width-sep\" style=\"margin-left: auto;margin-right: auto;margin-top:30px;margin-bottom:30px;width:100%;\"><div class=\"fusion-separator-border sep-single sep-solid\" style=\"--awb-height:20px;--awb-amount:20px;border-color:#e0dede;border-top-width:1px;\"><\/div><\/div><div class=\"fusion-sep-clear\"><\/div><div class=\"fusion-clearfix\"><\/div><\/div><\/div><\/div><\/div><div class=\"fusion-fullwidth fullwidth-box fusion-builder-row-2 nonhundred-percent-fullwidth non-hundred-percent-height-scrolling\" style=\"--awb-border-radius-top-left:0px;--awb-border-radius-top-right:0px;--awb-border-radius-bottom-right:0px;--awb-border-radius-bottom-left:0px;--awb-flex-wrap:wrap;\" ><div class=\"fusion-builder-row fusion-row\"><div class=\"fusion-layout-column fusion_builder_column fusion-builder-column-1 fusion_builder_column_2_3 2_3 fusion-two-third fusion-column-first\" style=\"--awb-bg-size:cover;width:66.666666666667%;width:calc(66.666666666667% - ( ( 4% ) * 0.66666666666667 ) );margin-right: 4%;\"><div class=\"fusion-column-wrapper fusion-flex-column-wrapper-legacy\"><div class=\"fusion-image-element in-legacy-container\" style=\"--awb-caption-title-font-family:var(--h2_typography-font-family);--awb-caption-title-font-weight:var(--h2_typography-font-weight);--awb-caption-title-font-style:var(--h2_typography-font-style);--awb-caption-title-size:var(--h2_typography-font-size);--awb-caption-title-transform:var(--h2_typography-text-transform);--awb-caption-title-line-height:var(--h2_typography-line-height);--awb-caption-title-letter-spacing:var(--h2_typography-letter-spacing);\"><span class=\" fusion-imageframe imageframe-none imageframe-1 hover-type-none\"><img decoding=\"async\" width=\"1048\" height=\"1200\" title=\"Universalpr\u00fcfmaschine Hegewald &#038; Peschke Inspekt 100kN\" src=\"https:\/\/csinordic.com\/wp-content\/uploads\/2018\/04\/universalprovmaskin.jpg\" alt class=\"img-responsive wp-image-1724\" srcset=\"https:\/\/csinordic.com\/wp-content\/uploads\/2018\/04\/universalprovmaskin-200x229.jpg 200w, https:\/\/csinordic.com\/wp-content\/uploads\/2018\/04\/universalprovmaskin-400x458.jpg 400w, https:\/\/csinordic.com\/wp-content\/uploads\/2018\/04\/universalprovmaskin-600x687.jpg 600w, https:\/\/csinordic.com\/wp-content\/uploads\/2018\/04\/universalprovmaskin-800x916.jpg 800w, https:\/\/csinordic.com\/wp-content\/uploads\/2018\/04\/universalprovmaskin.jpg 1048w\" sizes=\"(max-width: 800px) 100vw, 800px\" \/><\/span><\/div><div class=\"fusion-clearfix\"><\/div><\/div><\/div><div class=\"fusion-layout-column fusion_builder_column fusion-builder-column-2 fusion_builder_column_1_3 1_3 fusion-one-third fusion-column-last\" style=\"--awb-bg-size:cover;width:33.333333333333%;width:calc(33.333333333333% - ( ( 4% ) * 0.33333333333333 ) );\"><div class=\"fusion-column-wrapper fusion-flex-column-wrapper-legacy\"><ul style=\"--awb-size:13px;--awb-iconcolor:#0002aa;--awb-line-height:22.1px;--awb-icon-width:22.1px;--awb-icon-height:22.1px;--awb-icon-margin:9.1px;--awb-content-margin:31.2px;\" class=\"fusion-checklist fusion-checklist-1 fusion-checklist-default type-icons\"><li class=\"fusion-li-item\" style=\"\"><span class=\"icon-wrapper circle-no\"><i class=\"fusion-li-icon csi_custom-play-circle-regular\" aria-hidden=\"true\"><\/i><\/span><div class=\"fusion-li-item-content\">\nInstrument: Universalpr\u00fcfmaschine Inspekt Retrofit 100kN<\/div><\/li><li class=\"fusion-li-item\" style=\"\"><span class=\"icon-wrapper circle-no\"><i class=\"fusion-li-icon csi_custom-play-circle-regular\" aria-hidden=\"true\"><\/i><\/span><div class=\"fusion-li-item-content\">\nHersteller: Hegewald &#038; Peschke<\/div><\/li><li class=\"fusion-li-item\" style=\"\"><span class=\"icon-wrapper circle-no\"><i class=\"fusion-li-icon csi_custom-play-circle-regular\" aria-hidden=\"true\"><\/i><\/span><div class=\"fusion-li-item-content\">\nMisst: Kraft und Dehnung<\/div><\/li><li class=\"fusion-li-item\" style=\"\"><span class=\"icon-wrapper circle-no\"><i class=\"fusion-li-icon csi_custom-play-circle-regular\" aria-hidden=\"true\"><\/i><\/span><div class=\"fusion-li-item-content\">\nErgebnis: Spannungs- Dehnungsdiagramm, Streckgrenze, Bruchgrenze, Elastizit\u00e4tsmodul, Materialst\u00e4rke<\/div><\/li><\/ul><div class=\"fusion-clearfix\"><\/div><\/div><\/div><\/div><\/div><div class=\"fusion-fullwidth fullwidth-box fusion-builder-row-3 nonhundred-percent-fullwidth non-hundred-percent-height-scrolling\" style=\"--awb-border-radius-top-left:0px;--awb-border-radius-top-right:0px;--awb-border-radius-bottom-right:0px;--awb-border-radius-bottom-left:0px;--awb-flex-wrap:wrap;\" ><div class=\"fusion-builder-row fusion-row\"><div class=\"fusion-layout-column fusion_builder_column fusion-builder-column-3 fusion_builder_column_1_1 1_1 fusion-one-full fusion-column-first fusion-column-last\" style=\"--awb-bg-size:cover;\"><div class=\"fusion-column-wrapper fusion-flex-column-wrapper-legacy\"><div class=\"fusion-sep-clear\"><\/div><div class=\"fusion-separator fusion-full-width-sep\" style=\"margin-left: auto;margin-right: auto;margin-top:30px;margin-bottom:30px;width:100%;\"><div class=\"fusion-separator-border sep-single sep-solid\" style=\"--awb-height:20px;--awb-amount:20px;border-color:#e0dede;border-top-width:1px;\"><\/div><\/div><div class=\"fusion-sep-clear\"><\/div><div class=\"fusion-clearfix\"><\/div><\/div><\/div><\/div><\/div><div class=\"fusion-fullwidth fullwidth-box fusion-builder-row-4 nonhundred-percent-fullwidth non-hundred-percent-height-scrolling\" style=\"--awb-border-radius-top-left:0px;--awb-border-radius-top-right:0px;--awb-border-radius-bottom-right:0px;--awb-border-radius-bottom-left:0px;--awb-flex-wrap:wrap;\" ><div class=\"fusion-builder-row fusion-row\"><div class=\"fusion-layout-column fusion_builder_column fusion-builder-column-4 fusion_builder_column_1_1 1_1 fusion-one-full fusion-column-first fusion-column-last\" style=\"--awb-bg-size:cover;\"><div class=\"fusion-column-wrapper fusion-flex-column-wrapper-legacy\"><div class=\"fusion-title title fusion-title-2 fusion-sep-none fusion-title-text fusion-title-size-two\"><h2 class=\"fusion-title-heading title-heading-left fusion-responsive-typography-calculated\" style=\"margin:0;--fontSize:18;--minFontSize:18;line-height:1.5;\">Ergebnis (Beispiel)<\/h2><\/div><div class=\"fusion-image-element fusion-image-align-center in-legacy-container\" style=\"text-align:center;--awb-caption-title-font-family:var(--h2_typography-font-family);--awb-caption-title-font-weight:var(--h2_typography-font-weight);--awb-caption-title-font-style:var(--h2_typography-font-style);--awb-caption-title-size:var(--h2_typography-font-size);--awb-caption-title-transform:var(--h2_typography-text-transform);--awb-caption-title-line-height:var(--h2_typography-line-height);--awb-caption-title-letter-spacing:var(--h2_typography-letter-spacing);\"><div class=\"imageframe-align-center\"><span class=\" fusion-imageframe imageframe-none imageframe-2 hover-type-none\"><img decoding=\"async\" width=\"1077\" height=\"671\" title=\"Spannungs- Dehnungsdiagramm\" src=\"https:\/\/csinordic.com\/wp-content\/uploads\/2018\/04\/sp\u00e4nnings-t\u00f6jningsdiagram.jpg\" alt class=\"img-responsive wp-image-1723\" srcset=\"https:\/\/csinordic.com\/wp-content\/uploads\/2018\/04\/sp\u00e4nnings-t\u00f6jningsdiagram-200x125.jpg 200w, https:\/\/csinordic.com\/wp-content\/uploads\/2018\/04\/sp\u00e4nnings-t\u00f6jningsdiagram-400x249.jpg 400w, https:\/\/csinordic.com\/wp-content\/uploads\/2018\/04\/sp\u00e4nnings-t\u00f6jningsdiagram-600x374.jpg 600w, https:\/\/csinordic.com\/wp-content\/uploads\/2018\/04\/sp\u00e4nnings-t\u00f6jningsdiagram-800x498.jpg 800w, https:\/\/csinordic.com\/wp-content\/uploads\/2018\/04\/sp\u00e4nnings-t\u00f6jningsdiagram.jpg 1077w\" sizes=\"(max-width: 800px) 100vw, 1077px\" \/><\/span><\/div><\/div><div class=\"fusion-text fusion-text-2\"><p style=\"text-align: center;\">Spannungs- Dehnungsdiagramm eines Zugversuchs mit Gusseisen.<\/p>\n<\/div><div class=\"fusion-sep-clear\"><\/div><div class=\"fusion-separator fusion-full-width-sep\" style=\"margin-left: auto;margin-right: auto;margin-top:30px;margin-bottom:30px;width:100%;\"><div class=\"fusion-separator-border sep-single sep-solid\" style=\"--awb-height:20px;--awb-amount:20px;border-color:#e0dede;border-top-width:1px;\"><\/div><\/div><div class=\"fusion-sep-clear\"><\/div><div class=\"fusion-image-element fusion-image-align-center in-legacy-container\" style=\"text-align:center;--awb-caption-title-font-family:var(--h2_typography-font-family);--awb-caption-title-font-weight:var(--h2_typography-font-weight);--awb-caption-title-font-style:var(--h2_typography-font-style);--awb-caption-title-size:var(--h2_typography-font-size);--awb-caption-title-transform:var(--h2_typography-text-transform);--awb-caption-title-line-height:var(--h2_typography-line-height);--awb-caption-title-letter-spacing:var(--h2_typography-letter-spacing);\"><div class=\"imageframe-align-center\"><span class=\" fusion-imageframe imageframe-none imageframe-3 hover-type-none\"><img decoding=\"async\" width=\"932\" height=\"616\" title=\"Fedeerkonstante\" src=\"https:\/\/csinordic.com\/wp-content\/uploads\/2018\/05\/spring-constant.jpg\" alt class=\"img-responsive wp-image-1722\" srcset=\"https:\/\/csinordic.com\/wp-content\/uploads\/2018\/05\/spring-constant-200x132.jpg 200w, https:\/\/csinordic.com\/wp-content\/uploads\/2018\/05\/spring-constant-400x264.jpg 400w, https:\/\/csinordic.com\/wp-content\/uploads\/2018\/05\/spring-constant-600x397.jpg 600w, https:\/\/csinordic.com\/wp-content\/uploads\/2018\/05\/spring-constant-800x529.jpg 800w, https:\/\/csinordic.com\/wp-content\/uploads\/2018\/05\/spring-constant.jpg 932w\" sizes=\"(max-width: 800px) 100vw, 932px\" \/><\/span><\/div><\/div><div class=\"fusion-text fusion-text-3\"><p style=\"text-align: center;\">Kompressionspr\u00fcfung (Bestimmung der Federkonstante)<\/p>\n<\/div><div class=\"fusion-clearfix\"><\/div><\/div><\/div><\/div><\/div><\/p>\n","protected":false},"excerpt":{"rendered":"","protected":false},"author":1,"featured_media":0,"parent":0,"menu_order":0,"comment_status":"closed","ping_status":"closed","template":"","meta":{"_monsterinsights_skip_tracking":false,"_monsterinsights_sitenote_active":false,"_monsterinsights_sitenote_note":"","_monsterinsights_sitenote_category":0,"footnotes":""},"class_list":["post-1718","page","type-page","status-publish","hentry"],"yoast_head":"<!-- This site is optimized with the Yoast SEO plugin v26.9 - https:\/\/yoast.com\/product\/yoast-seo-wordpress\/ -->\n<title>Universalpr\u00fcfmaschine - CSI Nordic<\/title>\n<meta name=\"robots\" content=\"index, follow, max-snippet:-1, max-image-preview:large, max-video-preview:-1\" \/>\n<link rel=\"canonical\" href=\"https:\/\/csinordic.com\/de\/universalprufmaschine\/\" \/>\n<meta property=\"og:locale\" content=\"de_DE\" \/>\n<meta property=\"og:type\" content=\"article\" \/>\n<meta property=\"og:title\" content=\"Universalpr\u00fcfmaschine - CSI Nordic\" \/>\n<meta property=\"og:url\" content=\"https:\/\/csinordic.com\/de\/universalprufmaschine\/\" \/>\n<meta property=\"og:site_name\" content=\"CSI Nordic\" \/>\n<meta property=\"article:publisher\" content=\"https:\/\/facebook.com\/csinordic\" \/>\n<meta property=\"article:modified_time\" content=\"2023-08-24T09:44:45+00:00\" \/>\n<meta name=\"twitter:card\" content=\"summary_large_image\" \/>\n<meta name=\"twitter:label1\" content=\"Gesch\u00e4tzte Lesezeit\" \/>\n\t<meta name=\"twitter:data1\" content=\"5\u00a0Minuten\" \/>\n<script type=\"application\/ld+json\" class=\"yoast-schema-graph\">{\"@context\":\"https:\/\/schema.org\",\"@graph\":[{\"@type\":\"WebPage\",\"@id\":\"https:\/\/csinordic.com\/de\/universalprufmaschine\/\",\"url\":\"https:\/\/csinordic.com\/de\/universalprufmaschine\/\",\"name\":\"Universalpr\u00fcfmaschine - CSI Nordic\",\"isPartOf\":{\"@id\":\"https:\/\/127.0.0.1\/#website\"},\"datePublished\":\"2019-03-18T15:02:33+00:00\",\"dateModified\":\"2023-08-24T09:44:45+00:00\",\"breadcrumb\":{\"@id\":\"https:\/\/csinordic.com\/de\/universalprufmaschine\/#breadcrumb\"},\"inLanguage\":\"de\",\"potentialAction\":[{\"@type\":\"ReadAction\",\"target\":[\"https:\/\/csinordic.com\/de\/universalprufmaschine\/\"]}]},{\"@type\":\"BreadcrumbList\",\"@id\":\"https:\/\/csinordic.com\/de\/universalprufmaschine\/#breadcrumb\",\"itemListElement\":[{\"@type\":\"ListItem\",\"position\":1,\"name\":\"Hem\",\"item\":\"https:\/\/csinordic.com\/de\/\"},{\"@type\":\"ListItem\",\"position\":2,\"name\":\"Universalpr\u00fcfmaschine\"}]},{\"@type\":\"WebSite\",\"@id\":\"https:\/\/127.0.0.1\/#website\",\"url\":\"https:\/\/127.0.0.1\/\",\"name\":\"CSI Nordic - Probleml\u00f6sning inom materialteknik och ytteknik\",\"description\":\"Experten im Bereich Materialwissenschaft und Produktentwicklung\",\"publisher\":{\"@id\":\"https:\/\/127.0.0.1\/#organization\"},\"potentialAction\":[{\"@type\":\"SearchAction\",\"target\":{\"@type\":\"EntryPoint\",\"urlTemplate\":\"https:\/\/127.0.0.1\/?s={search_term_string}\"},\"query-input\":{\"@type\":\"PropertyValueSpecification\",\"valueRequired\":true,\"valueName\":\"search_term_string\"}}],\"inLanguage\":\"de\"},{\"@type\":\"Organization\",\"@id\":\"https:\/\/127.0.0.1\/#organization\",\"name\":\"CSI Nordic AB\",\"alternateName\":\"Carlsson Systematic Investigations Nordic AB\",\"url\":\"https:\/\/127.0.0.1\/\",\"logo\":{\"@type\":\"ImageObject\",\"inLanguage\":\"de\",\"@id\":\"https:\/\/127.0.0.1\/#\/schema\/logo\/image\/\",\"url\":\"https:\/\/csinordic.com\/wp-content\/uploads\/2018\/09\/logo_csinordic_2x.png\",\"contentUrl\":\"https:\/\/csinordic.com\/wp-content\/uploads\/2018\/09\/logo_csinordic_2x.png\",\"width\":600,\"height\":174,\"caption\":\"CSI Nordic AB\"},\"image\":{\"@id\":\"https:\/\/127.0.0.1\/#\/schema\/logo\/image\/\"},\"sameAs\":[\"https:\/\/facebook.com\/csinordic\",\"https:\/\/www.linkedin.com\/company\/csi-nordic-ab\"]}]}<\/script>\n<!-- \/ Yoast SEO plugin. -->","yoast_head_json":{"title":"Universalpr\u00fcfmaschine - CSI Nordic","robots":{"index":"index","follow":"follow","max-snippet":"max-snippet:-1","max-image-preview":"max-image-preview:large","max-video-preview":"max-video-preview:-1"},"canonical":"https:\/\/csinordic.com\/de\/universalprufmaschine\/","og_locale":"de_DE","og_type":"article","og_title":"Universalpr\u00fcfmaschine - CSI Nordic","og_url":"https:\/\/csinordic.com\/de\/universalprufmaschine\/","og_site_name":"CSI Nordic","article_publisher":"https:\/\/facebook.com\/csinordic","article_modified_time":"2023-08-24T09:44:45+00:00","twitter_card":"summary_large_image","twitter_misc":{"Gesch\u00e4tzte Lesezeit":"5\u00a0Minuten"},"schema":{"@context":"https:\/\/schema.org","@graph":[{"@type":"WebPage","@id":"https:\/\/csinordic.com\/de\/universalprufmaschine\/","url":"https:\/\/csinordic.com\/de\/universalprufmaschine\/","name":"Universalpr\u00fcfmaschine - CSI Nordic","isPartOf":{"@id":"https:\/\/127.0.0.1\/#website"},"datePublished":"2019-03-18T15:02:33+00:00","dateModified":"2023-08-24T09:44:45+00:00","breadcrumb":{"@id":"https:\/\/csinordic.com\/de\/universalprufmaschine\/#breadcrumb"},"inLanguage":"de","potentialAction":[{"@type":"ReadAction","target":["https:\/\/csinordic.com\/de\/universalprufmaschine\/"]}]},{"@type":"BreadcrumbList","@id":"https:\/\/csinordic.com\/de\/universalprufmaschine\/#breadcrumb","itemListElement":[{"@type":"ListItem","position":1,"name":"Hem","item":"https:\/\/csinordic.com\/de\/"},{"@type":"ListItem","position":2,"name":"Universalpr\u00fcfmaschine"}]},{"@type":"WebSite","@id":"https:\/\/127.0.0.1\/#website","url":"https:\/\/127.0.0.1\/","name":"CSI Nordic - Probleml\u00f6sning inom materialteknik och ytteknik","description":"Experten im Bereich Materialwissenschaft und Produktentwicklung","publisher":{"@id":"https:\/\/127.0.0.1\/#organization"},"potentialAction":[{"@type":"SearchAction","target":{"@type":"EntryPoint","urlTemplate":"https:\/\/127.0.0.1\/?s={search_term_string}"},"query-input":{"@type":"PropertyValueSpecification","valueRequired":true,"valueName":"search_term_string"}}],"inLanguage":"de"},{"@type":"Organization","@id":"https:\/\/127.0.0.1\/#organization","name":"CSI Nordic AB","alternateName":"Carlsson Systematic Investigations Nordic AB","url":"https:\/\/127.0.0.1\/","logo":{"@type":"ImageObject","inLanguage":"de","@id":"https:\/\/127.0.0.1\/#\/schema\/logo\/image\/","url":"https:\/\/csinordic.com\/wp-content\/uploads\/2018\/09\/logo_csinordic_2x.png","contentUrl":"https:\/\/csinordic.com\/wp-content\/uploads\/2018\/09\/logo_csinordic_2x.png","width":600,"height":174,"caption":"CSI Nordic AB"},"image":{"@id":"https:\/\/127.0.0.1\/#\/schema\/logo\/image\/"},"sameAs":["https:\/\/facebook.com\/csinordic","https:\/\/www.linkedin.com\/company\/csi-nordic-ab"]}]}},"_links":{"self":[{"href":"https:\/\/csinordic.com\/de\/wp-json\/wp\/v2\/pages\/1718","targetHints":{"allow":["GET"]}}],"collection":[{"href":"https:\/\/csinordic.com\/de\/wp-json\/wp\/v2\/pages"}],"about":[{"href":"https:\/\/csinordic.com\/de\/wp-json\/wp\/v2\/types\/page"}],"author":[{"embeddable":true,"href":"https:\/\/csinordic.com\/de\/wp-json\/wp\/v2\/users\/1"}],"replies":[{"embeddable":true,"href":"https:\/\/csinordic.com\/de\/wp-json\/wp\/v2\/comments?post=1718"}],"version-history":[{"count":5,"href":"https:\/\/csinordic.com\/de\/wp-json\/wp\/v2\/pages\/1718\/revisions"}],"predecessor-version":[{"id":12050,"href":"https:\/\/csinordic.com\/de\/wp-json\/wp\/v2\/pages\/1718\/revisions\/12050"}],"wp:attachment":[{"href":"https:\/\/csinordic.com\/de\/wp-json\/wp\/v2\/media?parent=1718"}],"curies":[{"name":"wp","href":"https:\/\/api.w.org\/{rel}","templated":true}]}}