{"id":1754,"date":"2019-03-18T16:49:46","date_gmt":"2019-03-18T15:49:46","guid":{"rendered":"https:\/\/csinordic.com\/oberflachenanalyse\/"},"modified":"2020-11-09T15:09:30","modified_gmt":"2020-11-09T14:09:30","slug":"oberflachenanalyse","status":"publish","type":"page","link":"https:\/\/csinordic.com\/de\/oberflachenanalyse\/","title":{"rendered":"Oberfl\u00e4chenanalyse"},"content":{"rendered":"<div class=\"fusion-fullwidth fullwidth-box fusion-builder-row-1 nonhundred-percent-fullwidth non-hundred-percent-height-scrolling\" style=\"--awb-border-radius-top-left:0px;--awb-border-radius-top-right:0px;--awb-border-radius-bottom-right:0px;--awb-border-radius-bottom-left:0px;--awb-margin-top:55px;--awb-flex-wrap:wrap;\" ><div class=\"fusion-builder-row fusion-row\"><div class=\"fusion-layout-column fusion_builder_column fusion-builder-column-0 fusion_builder_column_1_3 1_3 fusion-one-third fusion-column-first fusion-no-small-visibility fusion-no-medium-visibility\" style=\"--awb-bg-size:cover;width:33.333333333333%;width:calc(33.333333333333% - ( ( 4% ) * 0.33333333333333 ) );margin-right: 4%;\"><div class=\"fusion-column-wrapper fusion-flex-column-wrapper-legacy\"><div class=\"fusion-widget-area awb-widget-area-element fusion-widget-area-1 fusion-content-widget-area\" style=\"--awb-title-size:13px;--awb-title-color:#133b77;--awb-padding:0px 0px 0px 0px;\"><style type=\"text\/css\" data-id=\"avada-vertical-menu-widget-2\">#avada-vertical-menu-widget-2 > ul.menu { margin-top: -8px; }<\/style><section id=\"avada-vertical-menu-widget-2\" class=\"widget avada_vertical_menu\"><style>#fusion-vertical-menu-widget-avada-vertical-menu-widget-2-nav ul.menu li a {font-size:14px;}<\/style><nav id=\"fusion-vertical-menu-widget-avada-vertical-menu-widget-2-nav\" class=\"fusion-vertical-menu-widget fusion-menu hover left no-border\" aria-label=\"Secondary Navigation: \"><ul id=\"menu-dienstleistungen\" class=\"menu\"><li id=\"menu-item-1779\" class=\"menu-item menu-item-type-post_type menu-item-object-page menu-item-1779\"><a href=\"https:\/\/csinordic.com\/de\/materialanalyse\/\"><span class=\"link-text\"> Materialanalyse<\/span><span class=\"arrow\"><\/span><\/a><\/li><li id=\"menu-item-1780\" class=\"menu-item menu-item-type-post_type menu-item-object-page menu-item-1780\"><a href=\"https:\/\/csinordic.com\/de\/materialprufung\/\"><span class=\"link-text\"> Materialpr\u00fcfung<\/span><span class=\"arrow\"><\/span><\/a><\/li><li id=\"menu-item-1781\" class=\"menu-item menu-item-type-post_type menu-item-object-page menu-item-1781\"><a href=\"https:\/\/csinordic.com\/de\/qualitatskontrolle\/\"><span class=\"link-text\"> Qualit\u00e4tskontrolle<\/span><span class=\"arrow\"><\/span><\/a><\/li><li id=\"menu-item-1782\" class=\"menu-item menu-item-type-post_type menu-item-object-page menu-item-1782\"><a href=\"https:\/\/csinordic.com\/de\/schadensforschung-fehlerursachenanalyse\/\"><span class=\"link-text\"> Schadensforschung<\/span><span class=\"arrow\"><\/span><\/a><\/li><li id=\"menu-item-1783\" class=\"menu-item menu-item-type-post_type menu-item-object-page menu-item-1783\"><a href=\"https:\/\/csinordic.com\/de\/oberflachenanalyse\/\"><span class=\"link-text\"> Oberfl\u00e4chenanalyse<\/span><span class=\"arrow\"><\/span><\/a><\/li><li id=\"menu-item-1784\" class=\"menu-item menu-item-type-post_type menu-item-object-page menu-item-1784\"><a href=\"https:\/\/csinordic.com\/de\/aus-und-weiterbildung\/\"><span class=\"link-text\"> Aus- und Weiterbildung<\/span><span class=\"arrow\"><\/span><\/a><\/li><li id=\"menu-item-1785\" class=\"menu-item menu-item-type-post_type menu-item-object-page menu-item-1785\"><a href=\"https:\/\/csinordic.com\/de\/projektmanagement\/\"><span class=\"link-text\"> Projektmanagement<\/span><span class=\"arrow\"><\/span><\/a><\/li><li id=\"menu-item-1786\" class=\"menu-item menu-item-type-post_type menu-item-object-page menu-item-1786\"><a href=\"https:\/\/csinordic.com\/de\/akute-problemlosung\/\"><span class=\"link-text\"> Akute Probleml\u00f6sung<\/span><span class=\"arrow\"><\/span><\/a><\/li><li id=\"menu-item-1787\" class=\"menu-item menu-item-type-post_type menu-item-object-page menu-item-1787\"><a href=\"https:\/\/csinordic.com\/de\/drittmeinung-unabhangige-uberprufung-2\/\"><span class=\"link-text\"> Unabh\u00e4ngige \u00dcberpr\u00fcfung<\/span><span class=\"arrow\"><\/span><\/a><\/li><li id=\"menu-item-1788\" class=\"menu-item menu-item-type-post_type menu-item-object-page menu-item-1788\"><a href=\"https:\/\/csinordic.com\/de\/schmiermittelanalyse\/\"><span class=\"link-text\"> Schmiermittelanalyse<\/span><span class=\"arrow\"><\/span><\/a><\/li><\/ul><\/nav><\/section><div class=\"fusion-additional-widget-content\"><\/div><\/div><div class=\"fusion-clearfix\"><\/div><\/div><\/div><div class=\"fusion-layout-column fusion_builder_column fusion-builder-column-1 fusion_builder_column_2_3 2_3 fusion-two-third fusion-column-last\" style=\"--awb-bg-size:cover;width:66.666666666667%;width:calc(66.666666666667% - ( ( 4% ) * 0.66666666666667 ) );\"><div class=\"fusion-column-wrapper fusion-flex-column-wrapper-legacy\"><div class=\"fusion-title title fusion-title-1 fusion-sep-none fusion-title-text fusion-title-size-one\"><h1 class=\"fusion-title-heading title-heading-left fusion-responsive-typography-calculated\" style=\"margin:0;--fontSize:28;line-height:1.4;\">Oberfl\u00e4chenanalyse<\/h1><\/div><div class=\"fusion-text fusion-text-1\"><p>CSI Nordic kann mittels fortgeschrittener Oberfl\u00e4chenanalyse oberfl\u00e4chenrelatierte Probleme l\u00f6sen. Dies k\u00f6nnen zum Beispiel Verf\u00e4rbungen von Metallfl\u00e4chen, Probleme mit der Oberfl\u00e4chenreinheit von Materialien oder Haftungsprobleme von Beschichtungen sein. Wir k\u00f6nnen die chemische Zusammensetzung und Dicke von Nanometer dicken Filmen bzw. Mikrometer dicken Metallbeschichtungen bestimmen.<\/p>\n<\/div><div class=\"fusion-sep-clear\"><\/div><div class=\"fusion-separator fusion-full-width-sep\" style=\"margin-left: auto;margin-right: auto;margin-top:15px;margin-bottom:15px;width:100%;\"><\/div><div class=\"fusion-sep-clear\"><\/div><div class=\"fusion-title title fusion-title-2 fusion-sep-none fusion-title-text fusion-title-size-one\"><h1 class=\"fusion-title-heading title-heading-left fusion-responsive-typography-calculated\" style=\"margin:0;--fontSize:28;line-height:1.4;\">Oberfl\u00e4chentopographie und Koordinatenmessung<\/h1><\/div><div class=\"fusion-text fusion-text-2\"><p>CSI Nordic bietet Topographiemessung con Produkten zur Bestimmung der Oberfl\u00e4chenbeschaffenheit und der Geometrie. Wir messen die Makrogeometrie mittels einer Koordinatenmessmaschine oder die Oberfl\u00e4chenbeschaffenheit und kontrollieren ob Komponenten die Toleranzanforderungen erf\u00fcllen. Die Topographiemessung wird oft in Verbindung mit Schadensforschung und Fehlerursachenanalzsen verwendet um das Ausma\u00df von Oberfl\u00e4chensch\u00e4den zu quantifizieren. Z.B. Die tiefe von Korrosionsangriffen oder das Verschlei\u00dfvolumen einer verschlissenen Werkzeugoberfl\u00e4che.<\/p>\n<\/div><div class=\"fusion-builder-row fusion-builder-row-inner fusion-row\"><div class=\"fusion-layout-column fusion_builder_column_inner fusion-builder-nested-column-0 fusion_builder_column_inner_1_2 1_2 fusion-one-half fusion-column-first\" style=\"--awb-bg-size:cover;width:50%;width:calc(50% - ( ( 4% ) * 0.5 ) );margin-right: 4%;\"><div class=\"fusion-column-wrapper fusion-flex-column-wrapper-legacy\"><div class=\"fusion-image-element in-legacy-container\" style=\"--awb-caption-title-font-family:var(--h2_typography-font-family);--awb-caption-title-font-weight:var(--h2_typography-font-weight);--awb-caption-title-font-style:var(--h2_typography-font-style);--awb-caption-title-size:var(--h2_typography-font-size);--awb-caption-title-transform:var(--h2_typography-text-transform);--awb-caption-title-line-height:var(--h2_typography-line-height);--awb-caption-title-letter-spacing:var(--h2_typography-letter-spacing);\"><span class=\" fusion-imageframe imageframe-none imageframe-1 hover-type-none\"><img decoding=\"async\" width=\"300\" height=\"159\" title=\"Kratzer in lackiertem Blech\" src=\"https:\/\/csinordic.com\/wp-content\/uploads\/2018\/03\/Intryckning-i-metallbelagd-pl\u00e5t_.png\" alt class=\"img-responsive wp-image-1463\" srcset=\"https:\/\/csinordic.com\/wp-content\/uploads\/2018\/03\/Intryckning-i-metallbelagd-pl\u00e5t_-200x106.png 200w, https:\/\/csinordic.com\/wp-content\/uploads\/2018\/03\/Intryckning-i-metallbelagd-pl\u00e5t_.png 300w\" sizes=\"(max-width: 800px) 100vw, 300px\" \/><\/span><\/div><div class=\"fusion-clearfix\"><\/div><\/div><\/div><div class=\"fusion-layout-column fusion_builder_column_inner fusion-builder-nested-column-1 fusion_builder_column_inner_1_2 1_2 fusion-one-half fusion-column-last\" style=\"--awb-bg-size:cover;width:50%;width:calc(50% - ( ( 4% ) * 0.5 ) );\"><div class=\"fusion-column-wrapper fusion-flex-column-wrapper-legacy\"><div class=\"fusion-image-element in-legacy-container\" style=\"--awb-caption-title-font-family:var(--h2_typography-font-family);--awb-caption-title-font-weight:var(--h2_typography-font-weight);--awb-caption-title-font-style:var(--h2_typography-font-style);--awb-caption-title-size:var(--h2_typography-font-size);--awb-caption-title-transform:var(--h2_typography-text-transform);--awb-caption-title-line-height:var(--h2_typography-line-height);--awb-caption-title-letter-spacing:var(--h2_typography-letter-spacing);\"><span class=\" fusion-imageframe imageframe-none imageframe-2 hover-type-none\"><img decoding=\"async\" width=\"300\" height=\"225\" title=\"Steinschlag in beschichtetem Blech\" src=\"https:\/\/csinordic.com\/wp-content\/uploads\/2018\/03\/impact-300x225.png\" alt class=\"img-responsive wp-image-1451\" srcset=\"https:\/\/csinordic.com\/wp-content\/uploads\/2018\/03\/impact-200x150.png 200w, https:\/\/csinordic.com\/wp-content\/uploads\/2018\/03\/impact.png 400w\" sizes=\"(max-width: 800px) 100vw, 300px\" \/><\/span><\/div><div class=\"fusion-clearfix\"><\/div><\/div><\/div><\/div><div class=\"fusion-sep-clear\"><\/div><div class=\"fusion-separator fusion-full-width-sep\" style=\"margin-left: auto;margin-right: auto;margin-top:15px;margin-bottom:15px;width:100%;\"><\/div><div class=\"fusion-sep-clear\"><\/div><div class=\"fusion-sep-clear\"><\/div><div class=\"fusion-separator fusion-full-width-sep\" style=\"margin-left: auto;margin-right: auto;margin-top:15px;margin-bottom:15px;width:100%;\"><div class=\"fusion-separator-border sep-shadow\" style=\"--awb-height:20px;--awb-amount:20px;background:radial-gradient(ellipse at 50% -50% , #e0dede 0px, rgba(255, 255, 255, 0) 80%) repeat scroll 0 0 rgba(0, 0, 0, 0);background:-webkit-radial-gradient(ellipse at 50% -50% , #e0dede 0px, rgba(255, 255, 255, 0) 80%) repeat scroll 0 0 rgba(0, 0, 0, 0);background:-moz-radial-gradient(ellipse at 50% -50% , #e0dede 0px, rgba(255, 255, 255, 0) 80%) repeat scroll 0 0 rgba(0, 0, 0, 0);background:-o-radial-gradient(ellipse at 50% -50% , #e0dede 0px, rgba(255, 255, 255, 0) 80%) repeat scroll 0 0 rgba(0, 0, 0, 0);\"><\/div><\/div><div class=\"fusion-sep-clear\"><\/div><div class=\"fusion-sep-clear\"><\/div><div class=\"fusion-separator fusion-full-width-sep\" style=\"margin-left: auto;margin-right: auto;margin-top:15px;margin-bottom:15px;width:100%;\"><\/div><div class=\"fusion-sep-clear\"><\/div><div class=\"fusion-text fusion-text-3\"><p>Wir helfen Ihnen gerne mit Ihren oberfl\u00e4chenbezogenen Problemstellungen bzw. bei der Bestimmung von Topography oder eventuellen Oberfl\u00e4chenverunreinigungen.<\/p>\n<\/div><div class=\"fusion-aligncenter\"><a class=\"fusion-button button-flat fusion-button-default-size button-default fusion-button-default button-1 fusion-button-default-span fusion-button-default-type\" style=\"--button_text_transform:none;\" target=\"_self\" href=\"https:\/\/csinordic.com\/de\/kontakt\/\"><span class=\"fusion-button-text awb-button__text awb-button__text--default\">\n<p>Kontaktieren Sie uns<\/p>\n<\/span><\/a><\/div><div class=\"fusion-sep-clear\"><\/div><div class=\"fusion-separator fusion-full-width-sep\" style=\"margin-left: auto;margin-right: auto;margin-top:15px;margin-bottom:15px;width:100%;\"><\/div><div class=\"fusion-sep-clear\"><\/div><div class=\"fusion-sep-clear\"><\/div><div class=\"fusion-separator fusion-full-width-sep\" style=\"margin-left: auto;margin-right: auto;margin-top:15px;margin-bottom:15px;width:100%;\"><div class=\"fusion-separator-border sep-shadow\" style=\"--awb-height:20px;--awb-amount:20px;background:radial-gradient(ellipse at 50% -50% , #e0dede 0px, rgba(255, 255, 255, 0) 80%) repeat scroll 0 0 rgba(0, 0, 0, 0);background:-webkit-radial-gradient(ellipse at 50% -50% , #e0dede 0px, rgba(255, 255, 255, 0) 80%) repeat scroll 0 0 rgba(0, 0, 0, 0);background:-moz-radial-gradient(ellipse at 50% -50% , #e0dede 0px, rgba(255, 255, 255, 0) 80%) repeat scroll 0 0 rgba(0, 0, 0, 0);background:-o-radial-gradient(ellipse at 50% -50% , #e0dede 0px, rgba(255, 255, 255, 0) 80%) repeat scroll 0 0 rgba(0, 0, 0, 0);\"><\/div><\/div><div class=\"fusion-sep-clear\"><\/div><div class=\"fusion-sep-clear\"><\/div><div class=\"fusion-separator fusion-full-width-sep\" style=\"margin-left: auto;margin-right: auto;margin-top:15px;margin-bottom:15px;width:100%;\"><\/div><div class=\"fusion-sep-clear\"><\/div><div class=\"fusion-title title fusion-title-3 fusion-sep-none fusion-title-text fusion-title-size-one\"><h1 class=\"fusion-title-heading title-heading-left fusion-responsive-typography-calculated\" style=\"margin:0;--fontSize:28;line-height:1.4;\">Ausr\u00fcstung<\/h1><\/div><div class=\"fusion-tabs fusion-tabs-1 classic nav-is-justified horizontal-tabs icon-position-left mobile-mode-accordion\" style=\"--awb-title-border-radius-top-left:0px;--awb-title-border-radius-top-right:0px;--awb-title-border-radius-bottom-right:0px;--awb-title-border-radius-bottom-left:0px;--awb-inactive-color:#ebeaea;--awb-background-color:#ffffff;--awb-border-color:#ebeaea;--awb-active-border-color:#607d8b;\"><div class=\"nav\"><ul class=\"nav-tabs nav-justified\" role=\"tablist\"><li class=\"active\" role=\"presentation\"><a class=\"tab-link\" data-toggle=\"tab\" role=\"tab\" aria-controls=\"tab-8d4cc8a01d3722e22ff\" aria-selected=\"true\" id=\"fusion-tab-ausr\u00fcstungzuroberfl\u00e4chenanalyse\" href=\"#tab-8d4cc8a01d3722e22ff\"><h4 class=\"fusion-tab-heading\">Ausr\u00fcstung zur Oberfl\u00e4chenanalyse<\/h4><\/a><\/li><li role=\"presentation\"><a class=\"tab-link\" data-toggle=\"tab\" role=\"tab\" aria-controls=\"tab-5e532e00b98b03c102b\" aria-selected=\"false\" tabindex=\"-1\" id=\"fusion-tab-topographieundkoordinatenmessung\" href=\"#tab-5e532e00b98b03c102b\"><h4 class=\"fusion-tab-heading\">Topographie und Koordinatenmessung<\/h4><\/a><\/li><\/ul><\/div><div class=\"tab-content\"><div class=\"nav fusion-mobile-tab-nav\"><ul class=\"nav-tabs nav-justified\" role=\"tablist\"><li class=\"active\" role=\"presentation\"><a class=\"tab-link\" data-toggle=\"tab\" role=\"tab\" aria-controls=\"tab-8d4cc8a01d3722e22ff\" aria-selected=\"true\" id=\"mobile-fusion-tab-ausr\u00fcstungzuroberfl\u00e4chenanalyse\" href=\"#tab-8d4cc8a01d3722e22ff\"><h4 class=\"fusion-tab-heading\">Ausr\u00fcstung zur Oberfl\u00e4chenanalyse<\/h4><\/a><\/li><\/ul><\/div><div class=\"tab-pane fade fusion-clearfix in active\" role=\"tabpanel\" tabindex=\"0\" aria-labelledby=\"fusion-tab-ausr\u00fcstungzuroberfl\u00e4chenanalyse\" id=\"tab-8d4cc8a01d3722e22ff\">\n<ul>\n<li><a href=\"https:\/\/csinordic.com\/de\/fourier-transform-infrarotspektroskopie-ftir\/\">FT-IR Spektrometer<\/a>, Spectrum One Perkin Elmer. Organische Materialien wie Plastik, \u00d6le, Fette usw.<\/li>\n<li><a href=\"https:\/\/csinordic.com\/de\/?page_id=5127\">Energiedispersive R\u00f6ntgenspektroskopie (EDX)<\/a>, Oxford PentaFETx3. Alle elektrisch leitende Materialien<\/li>\n<li><a href=\"https:\/\/csinordic.com\/de\/elektronenruckstrahlbeugung-ebsd\/\">Elektronenr\u00fcckstrahlbeugung (EBSD)<\/a>, Oxford Instruments HKL, NordlysF. Zur Bestimmung von Phasen und Kristallorientierung<\/li>\n<li><a href=\"https:\/\/csinordic.com\/de\/augerelektronenspektroskopie-aes\/\">Augerelektronenspektroskopie (AES)<\/a>, PHI 700 Field Emission Scanning Auger Nanoprobe. Chemische Analzse auf Nanometeerniveau. Nur elektrisch Leitf\u00e4hige Materialien<\/li>\n<li><a href=\"https:\/\/csinordic.com\/de\/rasterelektronenmikroskopie-sem\/\">Rasterelektronenmikroskopie (SEM)<\/a>, Zeiss ULTRA 55. Alle Materialien<\/li>\n<li><a href=\"https:\/\/csinordic.com\/de\/sekundarionen-massenspektrometrie-tof-sims\/\">Sekund\u00e4rionen-Massenspektrometrie (ToF-SIMS)<\/a>, PHI TRIFT II, Chemische Analyse auf Nanometerniveau. Alle Materialien<\/li>\n<\/ul>\n<\/div><div class=\"nav fusion-mobile-tab-nav\"><ul class=\"nav-tabs nav-justified\" role=\"tablist\"><li role=\"presentation\"><a class=\"tab-link\" data-toggle=\"tab\" role=\"tab\" aria-controls=\"tab-5e532e00b98b03c102b\" aria-selected=\"false\" tabindex=\"-1\" id=\"mobile-fusion-tab-topographieundkoordinatenmessung\" href=\"#tab-5e532e00b98b03c102b\"><h4 class=\"fusion-tab-heading\">Topographie und Koordinatenmessung<\/h4><\/a><\/li><\/ul><\/div><div class=\"tab-pane fade fusion-clearfix\" role=\"tabpanel\" tabindex=\"0\" aria-labelledby=\"fusion-tab-topographieundkoordinatenmessung\" id=\"tab-5e532e00b98b03c102b\">\n<ul>\n<li><a href=\"https:\/\/csinordic.com\/de\/optische-3d-profilometrie\/\">Interferenzprofilometrie<\/a>, Wyko NT9100. 3D-topographische Abbildung auf Nanometerniveau.<\/li>\n<li>Koordinatenmessmaschine, Johansson Coordimatic CEJ 7000. Misst die Geometrie von Komponenten mit Mikrometerpr\u00e4zision.<\/li>\n<\/ul>\n<\/div><\/div><\/div><div class=\"fusion-clearfix\"><\/div><\/div><\/div><\/div><\/div>\n","protected":false},"excerpt":{"rendered":"","protected":false},"author":1,"featured_media":0,"parent":0,"menu_order":0,"comment_status":"closed","ping_status":"closed","template":"","meta":{"_monsterinsights_skip_tracking":false,"_monsterinsights_sitenote_active":false,"_monsterinsights_sitenote_note":"","_monsterinsights_sitenote_category":0,"footnotes":""},"class_list":["post-1754","page","type-page","status-publish","hentry"],"yoast_head":"<!-- This site is optimized with the Yoast SEO plugin v26.9 - https:\/\/yoast.com\/product\/yoast-seo-wordpress\/ -->\n<title>Oberfl\u00e4chenanalyse - CSI Nordic<\/title>\n<meta name=\"robots\" content=\"index, follow, max-snippet:-1, max-image-preview:large, max-video-preview:-1\" \/>\n<link rel=\"canonical\" href=\"https:\/\/csinordic.com\/de\/oberflachenanalyse\/\" \/>\n<meta property=\"og:locale\" content=\"de_DE\" \/>\n<meta property=\"og:type\" content=\"article\" \/>\n<meta property=\"og:title\" content=\"Oberfl\u00e4chenanalyse - CSI Nordic\" \/>\n<meta property=\"og:url\" content=\"https:\/\/csinordic.com\/de\/oberflachenanalyse\/\" \/>\n<meta property=\"og:site_name\" content=\"CSI Nordic\" \/>\n<meta property=\"article:publisher\" content=\"https:\/\/facebook.com\/csinordic\" \/>\n<meta property=\"article:modified_time\" content=\"2020-11-09T14:09:30+00:00\" \/>\n<meta name=\"twitter:card\" content=\"summary_large_image\" \/>\n<meta name=\"twitter:label1\" content=\"Gesch\u00e4tzte Lesezeit\" \/>\n\t<meta name=\"twitter:data1\" content=\"7\u00a0Minuten\" \/>\n<script type=\"application\/ld+json\" class=\"yoast-schema-graph\">{\"@context\":\"https:\/\/schema.org\",\"@graph\":[{\"@type\":\"WebPage\",\"@id\":\"https:\/\/csinordic.com\/de\/oberflachenanalyse\/\",\"url\":\"https:\/\/csinordic.com\/de\/oberflachenanalyse\/\",\"name\":\"Oberfl\u00e4chenanalyse - CSI Nordic\",\"isPartOf\":{\"@id\":\"https:\/\/127.0.0.1\/#website\"},\"datePublished\":\"2019-03-18T15:49:46+00:00\",\"dateModified\":\"2020-11-09T14:09:30+00:00\",\"breadcrumb\":{\"@id\":\"https:\/\/csinordic.com\/de\/oberflachenanalyse\/#breadcrumb\"},\"inLanguage\":\"de\",\"potentialAction\":[{\"@type\":\"ReadAction\",\"target\":[\"https:\/\/csinordic.com\/de\/oberflachenanalyse\/\"]}]},{\"@type\":\"BreadcrumbList\",\"@id\":\"https:\/\/csinordic.com\/de\/oberflachenanalyse\/#breadcrumb\",\"itemListElement\":[{\"@type\":\"ListItem\",\"position\":1,\"name\":\"Hem\",\"item\":\"https:\/\/csinordic.com\/de\/\"},{\"@type\":\"ListItem\",\"position\":2,\"name\":\"Oberfl\u00e4chenanalyse\"}]},{\"@type\":\"WebSite\",\"@id\":\"https:\/\/127.0.0.1\/#website\",\"url\":\"https:\/\/127.0.0.1\/\",\"name\":\"CSI Nordic - Probleml\u00f6sning inom materialteknik och ytteknik\",\"description\":\"Experten im Bereich Materialwissenschaft und Produktentwicklung\",\"publisher\":{\"@id\":\"https:\/\/127.0.0.1\/#organization\"},\"potentialAction\":[{\"@type\":\"SearchAction\",\"target\":{\"@type\":\"EntryPoint\",\"urlTemplate\":\"https:\/\/127.0.0.1\/?s={search_term_string}\"},\"query-input\":{\"@type\":\"PropertyValueSpecification\",\"valueRequired\":true,\"valueName\":\"search_term_string\"}}],\"inLanguage\":\"de\"},{\"@type\":\"Organization\",\"@id\":\"https:\/\/127.0.0.1\/#organization\",\"name\":\"CSI Nordic AB\",\"alternateName\":\"Carlsson Systematic Investigations Nordic AB\",\"url\":\"https:\/\/127.0.0.1\/\",\"logo\":{\"@type\":\"ImageObject\",\"inLanguage\":\"de\",\"@id\":\"https:\/\/127.0.0.1\/#\/schema\/logo\/image\/\",\"url\":\"https:\/\/csinordic.com\/wp-content\/uploads\/2018\/09\/logo_csinordic_2x.png\",\"contentUrl\":\"https:\/\/csinordic.com\/wp-content\/uploads\/2018\/09\/logo_csinordic_2x.png\",\"width\":600,\"height\":174,\"caption\":\"CSI Nordic AB\"},\"image\":{\"@id\":\"https:\/\/127.0.0.1\/#\/schema\/logo\/image\/\"},\"sameAs\":[\"https:\/\/facebook.com\/csinordic\",\"https:\/\/www.linkedin.com\/company\/csi-nordic-ab\"]}]}<\/script>\n<!-- \/ Yoast SEO plugin. -->","yoast_head_json":{"title":"Oberfl\u00e4chenanalyse - CSI Nordic","robots":{"index":"index","follow":"follow","max-snippet":"max-snippet:-1","max-image-preview":"max-image-preview:large","max-video-preview":"max-video-preview:-1"},"canonical":"https:\/\/csinordic.com\/de\/oberflachenanalyse\/","og_locale":"de_DE","og_type":"article","og_title":"Oberfl\u00e4chenanalyse - CSI Nordic","og_url":"https:\/\/csinordic.com\/de\/oberflachenanalyse\/","og_site_name":"CSI Nordic","article_publisher":"https:\/\/facebook.com\/csinordic","article_modified_time":"2020-11-09T14:09:30+00:00","twitter_card":"summary_large_image","twitter_misc":{"Gesch\u00e4tzte Lesezeit":"7\u00a0Minuten"},"schema":{"@context":"https:\/\/schema.org","@graph":[{"@type":"WebPage","@id":"https:\/\/csinordic.com\/de\/oberflachenanalyse\/","url":"https:\/\/csinordic.com\/de\/oberflachenanalyse\/","name":"Oberfl\u00e4chenanalyse - CSI Nordic","isPartOf":{"@id":"https:\/\/127.0.0.1\/#website"},"datePublished":"2019-03-18T15:49:46+00:00","dateModified":"2020-11-09T14:09:30+00:00","breadcrumb":{"@id":"https:\/\/csinordic.com\/de\/oberflachenanalyse\/#breadcrumb"},"inLanguage":"de","potentialAction":[{"@type":"ReadAction","target":["https:\/\/csinordic.com\/de\/oberflachenanalyse\/"]}]},{"@type":"BreadcrumbList","@id":"https:\/\/csinordic.com\/de\/oberflachenanalyse\/#breadcrumb","itemListElement":[{"@type":"ListItem","position":1,"name":"Hem","item":"https:\/\/csinordic.com\/de\/"},{"@type":"ListItem","position":2,"name":"Oberfl\u00e4chenanalyse"}]},{"@type":"WebSite","@id":"https:\/\/127.0.0.1\/#website","url":"https:\/\/127.0.0.1\/","name":"CSI Nordic - Probleml\u00f6sning inom materialteknik och ytteknik","description":"Experten im Bereich Materialwissenschaft und Produktentwicklung","publisher":{"@id":"https:\/\/127.0.0.1\/#organization"},"potentialAction":[{"@type":"SearchAction","target":{"@type":"EntryPoint","urlTemplate":"https:\/\/127.0.0.1\/?s={search_term_string}"},"query-input":{"@type":"PropertyValueSpecification","valueRequired":true,"valueName":"search_term_string"}}],"inLanguage":"de"},{"@type":"Organization","@id":"https:\/\/127.0.0.1\/#organization","name":"CSI Nordic AB","alternateName":"Carlsson Systematic Investigations Nordic AB","url":"https:\/\/127.0.0.1\/","logo":{"@type":"ImageObject","inLanguage":"de","@id":"https:\/\/127.0.0.1\/#\/schema\/logo\/image\/","url":"https:\/\/csinordic.com\/wp-content\/uploads\/2018\/09\/logo_csinordic_2x.png","contentUrl":"https:\/\/csinordic.com\/wp-content\/uploads\/2018\/09\/logo_csinordic_2x.png","width":600,"height":174,"caption":"CSI Nordic AB"},"image":{"@id":"https:\/\/127.0.0.1\/#\/schema\/logo\/image\/"},"sameAs":["https:\/\/facebook.com\/csinordic","https:\/\/www.linkedin.com\/company\/csi-nordic-ab"]}]}},"_links":{"self":[{"href":"https:\/\/csinordic.com\/de\/wp-json\/wp\/v2\/pages\/1754","targetHints":{"allow":["GET"]}}],"collection":[{"href":"https:\/\/csinordic.com\/de\/wp-json\/wp\/v2\/pages"}],"about":[{"href":"https:\/\/csinordic.com\/de\/wp-json\/wp\/v2\/types\/page"}],"author":[{"embeddable":true,"href":"https:\/\/csinordic.com\/de\/wp-json\/wp\/v2\/users\/1"}],"replies":[{"embeddable":true,"href":"https:\/\/csinordic.com\/de\/wp-json\/wp\/v2\/comments?post=1754"}],"version-history":[{"count":5,"href":"https:\/\/csinordic.com\/de\/wp-json\/wp\/v2\/pages\/1754\/revisions"}],"predecessor-version":[{"id":3154,"href":"https:\/\/csinordic.com\/de\/wp-json\/wp\/v2\/pages\/1754\/revisions\/3154"}],"wp:attachment":[{"href":"https:\/\/csinordic.com\/de\/wp-json\/wp\/v2\/media?parent=1754"}],"curies":[{"name":"wp","href":"https:\/\/api.w.org\/{rel}","templated":true}]}}